{"id":1289,"date":"2015-01-20T15:56:40","date_gmt":"2015-01-20T14:56:40","guid":{"rendered":"https:\/\/s-metal.hu\/szolgaltatasok-2\/"},"modified":"2017-02-21T12:27:52","modified_gmt":"2017-02-21T11:27:52","slug":"szolgaltatasok","status":"publish","type":"page","link":"https:\/\/s-metal.hu\/de\/szolgaltatasok\/","title":{"rendered":"Dienstleistungen"},"content":{"rendered":"","protected":false},"excerpt":{"rendered":"","protected":false},"author":7,"featured_media":427,"parent":0,"menu_order":15,"comment_status":"open","ping_status":"open","template":"services.php","meta":{"_acf_changed":false,"footnotes":""},"class_list":["post-1289","page","type-page","status-publish","has-post-thumbnail","hentry"],"acf":[],"yoast_head":"<!-- This site is optimized with the Yoast SEO plugin v23.9 - https:\/\/yoast.com\/wordpress\/plugins\/seo\/ -->\n<title>Dienstleistungen | Steelmetal<\/title>\n<meta name=\"description\" content=\"Ac\u00e9l-, sz\u00ednesf\u00e9m- \u00e9s egy\u00e9b hullad\u00e9kok \u00e1tv\u00e9tele \u00e9s elad\u00e1sa, hullad\u00e9kgazd\u00e1lkod\u00e1ssal kapcsolatos szolg\u00e1ltat\u00e1sok P\u00e9csett, Vill\u00e1nyban \u00e9s Moh\u00e1cson - STEEL-MET\u00c1L Kft.\" \/>\n<meta name=\"robots\" content=\"index, follow, max-snippet:-1, max-image-preview:large, max-video-preview:-1\" \/>\n<link rel=\"canonical\" href=\"https:\/\/s-metal.hu\/de\/szolgaltatasok\/\" \/>\n<meta property=\"og:locale\" content=\"de_DE\" \/>\n<meta property=\"og:type\" content=\"article\" \/>\n<meta property=\"og:title\" content=\"Dienstleistungen | Steelmetal\" \/>\n<meta property=\"og:description\" content=\"Ac\u00e9l-, sz\u00ednesf\u00e9m- \u00e9s egy\u00e9b hullad\u00e9kok \u00e1tv\u00e9tele \u00e9s elad\u00e1sa, hullad\u00e9kgazd\u00e1lkod\u00e1ssal kapcsolatos szolg\u00e1ltat\u00e1sok P\u00e9csett, Vill\u00e1nyban \u00e9s Moh\u00e1cson - STEEL-MET\u00c1L Kft.\" \/>\n<meta property=\"og:url\" content=\"https:\/\/s-metal.hu\/de\/szolgaltatasok\/\" \/>\n<meta property=\"og:site_name\" content=\"Steelmetal\" \/>\n<meta property=\"article:publisher\" content=\"https:\/\/www.facebook.com\/pages\/Steel-Metal-Kft\/1485600905020255\" \/>\n<meta property=\"article:modified_time\" content=\"2017-02-21T11:27:52+00:00\" \/>\n<meta property=\"og:image\" content=\"https:\/\/s-metal.hu\/app\/uploads\/2015\/01\/Szolg\u00e1ltat\u00e1sok-header.jpg\" \/>\n\t<meta property=\"og:image:width\" content=\"3661\" \/>\n\t<meta property=\"og:image:height\" content=\"2272\" \/>\n\t<meta property=\"og:image:type\" content=\"image\/jpeg\" \/>\n<script type=\"application\/ld+json\" class=\"yoast-schema-graph\">{\"@context\":\"https:\/\/schema.org\",\"@graph\":[{\"@type\":\"WebPage\",\"@id\":\"https:\/\/s-metal.hu\/de\/szolgaltatasok\/\",\"url\":\"https:\/\/s-metal.hu\/de\/szolgaltatasok\/\",\"name\":\"Dienstleistungen | Steelmetal\",\"isPartOf\":{\"@id\":\"https:\/\/s-metal.hu\/de\/#website\"},\"primaryImageOfPage\":{\"@id\":\"https:\/\/s-metal.hu\/de\/szolgaltatasok\/#primaryimage\"},\"image\":{\"@id\":\"https:\/\/s-metal.hu\/de\/szolgaltatasok\/#primaryimage\"},\"thumbnailUrl\":\"https:\/\/s-metal.hu\/app\/uploads\/2015\/01\/Szolg\u00e1ltat\u00e1sok-header.jpg\",\"datePublished\":\"2015-01-20T14:56:40+00:00\",\"dateModified\":\"2017-02-21T11:27:52+00:00\",\"description\":\"Ac\u00e9l-, sz\u00ednesf\u00e9m- \u00e9s egy\u00e9b hullad\u00e9kok \u00e1tv\u00e9tele \u00e9s elad\u00e1sa, hullad\u00e9kgazd\u00e1lkod\u00e1ssal kapcsolatos szolg\u00e1ltat\u00e1sok P\u00e9csett, Vill\u00e1nyban \u00e9s Moh\u00e1cson - STEEL-MET\u00c1L Kft.\",\"breadcrumb\":{\"@id\":\"https:\/\/s-metal.hu\/de\/szolgaltatasok\/#breadcrumb\"},\"inLanguage\":\"de-DE\",\"potentialAction\":[{\"@type\":\"ReadAction\",\"target\":[\"https:\/\/s-metal.hu\/de\/szolgaltatasok\/\"]}]},{\"@type\":\"ImageObject\",\"inLanguage\":\"de-DE\",\"@id\":\"https:\/\/s-metal.hu\/de\/szolgaltatasok\/#primaryimage\",\"url\":\"https:\/\/s-metal.hu\/app\/uploads\/2015\/01\/Szolg\u00e1ltat\u00e1sok-header.jpg\",\"contentUrl\":\"https:\/\/s-metal.hu\/app\/uploads\/2015\/01\/Szolg\u00e1ltat\u00e1sok-header.jpg\",\"width\":3661,\"height\":2272,\"caption\":\"M\u00e9h telep P\u00e9cs\"},{\"@type\":\"BreadcrumbList\",\"@id\":\"https:\/\/s-metal.hu\/de\/szolgaltatasok\/#breadcrumb\",\"itemListElement\":[{\"@type\":\"ListItem\",\"position\":1,\"name\":\"1\",\"item\":\"https:\/\/s-metal.hu\/de\/\"},{\"@type\":\"ListItem\",\"position\":2,\"name\":\"Dienstleistungen\"}]},{\"@type\":\"WebSite\",\"@id\":\"https:\/\/s-metal.hu\/de\/#website\",\"url\":\"https:\/\/s-metal.hu\/de\/\",\"name\":\"Steelmetal\",\"description\":\"\",\"potentialAction\":[{\"@type\":\"SearchAction\",\"target\":{\"@type\":\"EntryPoint\",\"urlTemplate\":\"https:\/\/s-metal.hu\/de\/?s={search_term_string}\"},\"query-input\":{\"@type\":\"PropertyValueSpecification\",\"valueRequired\":true,\"valueName\":\"search_term_string\"}}],\"inLanguage\":\"de-DE\"}]}<\/script>\n<!-- \/ Yoast SEO plugin. -->","yoast_head_json":{"title":"Dienstleistungen | Steelmetal","description":"Ac\u00e9l-, sz\u00ednesf\u00e9m- \u00e9s egy\u00e9b hullad\u00e9kok \u00e1tv\u00e9tele \u00e9s elad\u00e1sa, hullad\u00e9kgazd\u00e1lkod\u00e1ssal kapcsolatos szolg\u00e1ltat\u00e1sok P\u00e9csett, Vill\u00e1nyban \u00e9s Moh\u00e1cson - STEEL-MET\u00c1L Kft.","robots":{"index":"index","follow":"follow","max-snippet":"max-snippet:-1","max-image-preview":"max-image-preview:large","max-video-preview":"max-video-preview:-1"},"canonical":"https:\/\/s-metal.hu\/de\/szolgaltatasok\/","og_locale":"de_DE","og_type":"article","og_title":"Dienstleistungen | Steelmetal","og_description":"Ac\u00e9l-, sz\u00ednesf\u00e9m- \u00e9s egy\u00e9b hullad\u00e9kok \u00e1tv\u00e9tele \u00e9s elad\u00e1sa, hullad\u00e9kgazd\u00e1lkod\u00e1ssal kapcsolatos szolg\u00e1ltat\u00e1sok P\u00e9csett, Vill\u00e1nyban \u00e9s Moh\u00e1cson - STEEL-MET\u00c1L Kft.","og_url":"https:\/\/s-metal.hu\/de\/szolgaltatasok\/","og_site_name":"Steelmetal","article_publisher":"https:\/\/www.facebook.com\/pages\/Steel-Metal-Kft\/1485600905020255","article_modified_time":"2017-02-21T11:27:52+00:00","og_image":[{"width":3661,"height":2272,"url":"https:\/\/s-metal.hu\/app\/uploads\/2015\/01\/Szolg\u00e1ltat\u00e1sok-header.jpg","type":"image\/jpeg"}],"schema":{"@context":"https:\/\/schema.org","@graph":[{"@type":"WebPage","@id":"https:\/\/s-metal.hu\/de\/szolgaltatasok\/","url":"https:\/\/s-metal.hu\/de\/szolgaltatasok\/","name":"Dienstleistungen | Steelmetal","isPartOf":{"@id":"https:\/\/s-metal.hu\/de\/#website"},"primaryImageOfPage":{"@id":"https:\/\/s-metal.hu\/de\/szolgaltatasok\/#primaryimage"},"image":{"@id":"https:\/\/s-metal.hu\/de\/szolgaltatasok\/#primaryimage"},"thumbnailUrl":"https:\/\/s-metal.hu\/app\/uploads\/2015\/01\/Szolg\u00e1ltat\u00e1sok-header.jpg","datePublished":"2015-01-20T14:56:40+00:00","dateModified":"2017-02-21T11:27:52+00:00","description":"Ac\u00e9l-, sz\u00ednesf\u00e9m- \u00e9s egy\u00e9b hullad\u00e9kok \u00e1tv\u00e9tele \u00e9s elad\u00e1sa, hullad\u00e9kgazd\u00e1lkod\u00e1ssal kapcsolatos szolg\u00e1ltat\u00e1sok P\u00e9csett, Vill\u00e1nyban \u00e9s Moh\u00e1cson - STEEL-MET\u00c1L Kft.","breadcrumb":{"@id":"https:\/\/s-metal.hu\/de\/szolgaltatasok\/#breadcrumb"},"inLanguage":"de-DE","potentialAction":[{"@type":"ReadAction","target":["https:\/\/s-metal.hu\/de\/szolgaltatasok\/"]}]},{"@type":"ImageObject","inLanguage":"de-DE","@id":"https:\/\/s-metal.hu\/de\/szolgaltatasok\/#primaryimage","url":"https:\/\/s-metal.hu\/app\/uploads\/2015\/01\/Szolg\u00e1ltat\u00e1sok-header.jpg","contentUrl":"https:\/\/s-metal.hu\/app\/uploads\/2015\/01\/Szolg\u00e1ltat\u00e1sok-header.jpg","width":3661,"height":2272,"caption":"M\u00e9h telep P\u00e9cs"},{"@type":"BreadcrumbList","@id":"https:\/\/s-metal.hu\/de\/szolgaltatasok\/#breadcrumb","itemListElement":[{"@type":"ListItem","position":1,"name":"1","item":"https:\/\/s-metal.hu\/de\/"},{"@type":"ListItem","position":2,"name":"Dienstleistungen"}]},{"@type":"WebSite","@id":"https:\/\/s-metal.hu\/de\/#website","url":"https:\/\/s-metal.hu\/de\/","name":"Steelmetal","description":"","potentialAction":[{"@type":"SearchAction","target":{"@type":"EntryPoint","urlTemplate":"https:\/\/s-metal.hu\/de\/?s={search_term_string}"},"query-input":{"@type":"PropertyValueSpecification","valueRequired":true,"valueName":"search_term_string"}}],"inLanguage":"de-DE"}]}},"_links":{"self":[{"href":"https:\/\/s-metal.hu\/de\/wp-json\/wp\/v2\/pages\/1289","targetHints":{"allow":["GET"]}}],"collection":[{"href":"https:\/\/s-metal.hu\/de\/wp-json\/wp\/v2\/pages"}],"about":[{"href":"https:\/\/s-metal.hu\/de\/wp-json\/wp\/v2\/types\/page"}],"author":[{"embeddable":true,"href":"https:\/\/s-metal.hu\/de\/wp-json\/wp\/v2\/users\/7"}],"replies":[{"embeddable":true,"href":"https:\/\/s-metal.hu\/de\/wp-json\/wp\/v2\/comments?post=1289"}],"version-history":[{"count":4,"href":"https:\/\/s-metal.hu\/de\/wp-json\/wp\/v2\/pages\/1289\/revisions"}],"predecessor-version":[{"id":3176,"href":"https:\/\/s-metal.hu\/de\/wp-json\/wp\/v2\/pages\/1289\/revisions\/3176"}],"wp:featuredmedia":[{"embeddable":true,"href":"https:\/\/s-metal.hu\/de\/wp-json\/wp\/v2\/media\/427"}],"wp:attachment":[{"href":"https:\/\/s-metal.hu\/de\/wp-json\/wp\/v2\/media?parent=1289"}],"curies":[{"name":"wp","href":"https:\/\/api.w.org\/{rel}","templated":true}]}}