{"id":1342,"date":"2015-01-20T15:59:16","date_gmt":"2015-01-20T14:59:16","guid":{"rendered":"https:\/\/s-metal.hu\/?page_id=1342"},"modified":"2015-06-25T08:38:23","modified_gmt":"2015-06-25T07:38:23","slug":"umweltschutz","status":"publish","type":"page","link":"https:\/\/s-metal.hu\/de\/umweltschutz\/","title":{"rendered":"Umweltschutz"},"content":{"rendered":"<p><strong>Komplexe Beratung auf dem Gebiet Abfallmanagement:<\/strong><\/p>\n<p>Beratung auf dem Gebiet Abfallmanagement:<\/p>\n<ul>\n<li>\u00dcberpr\u00fcfung von Systemen zur Abfallbehandlung von Wirtschaftgesellschaften, Kontrolle der Rechtskonformit\u00e4t,<\/li>\n<li>Kontrolle der Erstellung von Systemen zur Bestandsaufnahme von Abf\u00e4llen, Erstellung von Erkl\u00e4rungen gem\u00e4\u00df der Rechtsvorschriften,<\/li>\n<li>Erstellung von Pl\u00e4nen, Vorschriften f\u00fcr das Abfallmanagement,<\/li>\n<li>Erstellung der Materialbilanz.<\/li>\n<\/ul>\n<p>Unsere Firma hilft bei der Sacherledigung in Umweltschutzfragen.<\/p>\n<p>Bei Bedarf Erledigung von Genehmigungen, Ausstellung von Zustimmungserkl\u00e4rungen.<\/p>\n<p><strong>Erstellung der Abfallerkl\u00e4rung:<\/strong><\/p>\n<p>Fachberatung, kompletter Abfallnachweis, Erstellung der Jahreserkl\u00e4rung.<\/p>\n<p><strong>L\u00e4rmmessung:<\/strong><\/p>\n<p>Instrumentelle Untersuchung der L\u00e4rmbelastung und der L\u00e4rmemission der Umwelt:<\/p>\n<p>Gem\u00e4\u00df folgender Vorschriften:<\/p>\n<ul>\n<li>Regierungsverordnung Nr. 284\/2007. (29.X.) \u00fcber einzelne Vorschriften bez\u00fcglich des Schutzes vor Umgebungsl\u00e4rm und -vibrationen<\/li>\n<li>Gemeinsame Verordnung Nr. 27\/2008. (3.XII.) des Min. f\u00fcr Umwelt und des Min. f\u00fcr Gesundheit (KvM und E\u00fcM) \u00fcber die Festlegung der Grenzwerte f\u00fcr L\u00e4rm- und Vibrationsbelastungen<\/li>\n<li>Verordnung Nr. 93\/2007. (18.XII.) des Ministeriums f\u00fcr Umwelt (KvVM) \u00fcber die Art der Festlegung der Grenzwerte f\u00fcr L\u00e4rmemission, sowie der Kontrolle von L\u00e4rm- und Vibrationsemission en<\/li>\n<li>Ungarischer Standard 18150\/1. \u201ePr\u00fcfung und Bewertung des Umgebungsl\u00e4rms\u201c<\/li>\n<\/ul>\n<p><strong>Ger\u00e4uschmessung und Lichtmessung an Arbeitspl\u00e4tzen:<\/strong><\/p>\n<p>Gem\u00e4\u00df folgender Vorschriften:<\/p>\n<ul>\n<li>Verordnung 66\/2005. (22.XII.) des Gesundheitsministeriums (E\u00fcM) \u00fcber die minimalen Gesundheits- und Sicherheitsanforderungen bez\u00fcglich der L\u00e4rmbelastung der Arbeitnehmer<\/li>\n<li>Gemeinsame Verordnung Nr. 3\/2002. (8.II.) des Gesundheits- und des Familienministeriums (SZCSM-E\u00fcM) \u00fcber die Mindestanforderungen des Arbeitsschutzes an den Arbeitspl\u00e4tzen<\/li>\n<\/ul>\n<p><strong>Gef\u00e4hrlicher Abfall:<\/strong><\/p>\n<p>In erster Linie Annahme und Vorbereitung von Abf\u00e4llen aus Firmen der Schlosserei- und Metallindustrie, aus dem Maschinenbau und der Kraftwagenreparatur, aus landwirtschaftlichen Betrieben, Kleinunternehmen.<br \/>\nSammlung und Transport von Verpackungsmaterial aus der Oberfl\u00e4chenbehandlung, Farbr\u00fcckst\u00e4nden, mit gef\u00e4hrlichem Material verschmutzten Abf\u00e4llen, bei Bedarf Bereitstellen von Beh\u00e4ltern, die den ADR-Vorschriften entsprechen, wenn notwendig deren Tausch. Hilfe bei der ordnungsgem\u00e4\u00dfen, den ADR-Vorschriften entsprechenden Verpackung, Etikettierung und Aufgabe von gef\u00e4hrlichen Abf\u00e4llen.<\/p>\n","protected":false},"excerpt":{"rendered":"<p>Komplexe Beratung auf dem Gebiet Abfallmanagement: Beratung auf dem Gebiet Abfallmanagement: \u00dcberpr\u00fcfung von Systemen zur Abfallbehandlung von Wirtschaftgesellschaften, Kontrolle der Rechtskonformit\u00e4t, Kontrolle der Erstellung von Systemen zur Bestandsaufnahme von Abf\u00e4llen, Erstellung von Erkl\u00e4rungen gem\u00e4\u00df der Rechtsvorschriften, Erstellung von Pl\u00e4nen, Vorschriften f\u00fcr das Abfallmanagement, Erstellung der Materialbilanz. Unsere Firma hilft bei der Sacherledigung in Umweltschutzfragen. Bei &hellip; <a href=\"https:\/\/s-metal.hu\/de\/umweltschutz\/\">Continued<\/a><\/p>\n","protected":false},"author":4,"featured_media":0,"parent":0,"menu_order":12,"comment_status":"open","ping_status":"open","template":"","meta":{"_acf_changed":false,"footnotes":""},"class_list":["post-1342","page","type-page","status-publish","hentry"],"acf":[],"yoast_head":"<!-- This site is optimized with the Yoast SEO plugin v23.9 - https:\/\/yoast.com\/wordpress\/plugins\/seo\/ -->\n<title>Umweltschutz | Steelmetal<\/title>\n<meta name=\"description\" content=\"Ac\u00e9l-, sz\u00ednesf\u00e9m- \u00e9s egy\u00e9b hullad\u00e9kok \u00e1tv\u00e9tele \u00e9s elad\u00e1sa, hullad\u00e9kgazd\u00e1lkod\u00e1ssal kapcsolatos szolg\u00e1ltat\u00e1sok P\u00e9csett, Vill\u00e1nyban \u00e9s Moh\u00e1cson - STEEL-MET\u00c1L Kft.\" \/>\n<meta name=\"robots\" content=\"index, follow, max-snippet:-1, max-image-preview:large, max-video-preview:-1\" \/>\n<link rel=\"canonical\" href=\"https:\/\/s-metal.hu\/de\/umweltschutz\/\" \/>\n<meta property=\"og:locale\" content=\"de_DE\" \/>\n<meta property=\"og:type\" content=\"article\" \/>\n<meta property=\"og:title\" content=\"Umweltschutz | Steelmetal\" \/>\n<meta property=\"og:description\" content=\"Ac\u00e9l-, sz\u00ednesf\u00e9m- \u00e9s egy\u00e9b hullad\u00e9kok \u00e1tv\u00e9tele \u00e9s elad\u00e1sa, hullad\u00e9kgazd\u00e1lkod\u00e1ssal kapcsolatos szolg\u00e1ltat\u00e1sok P\u00e9csett, Vill\u00e1nyban \u00e9s Moh\u00e1cson - STEEL-MET\u00c1L Kft.\" \/>\n<meta property=\"og:url\" content=\"https:\/\/s-metal.hu\/de\/umweltschutz\/\" \/>\n<meta property=\"og:site_name\" content=\"Steelmetal\" \/>\n<meta property=\"article:publisher\" content=\"https:\/\/www.facebook.com\/pages\/Steel-Metal-Kft\/1485600905020255\" \/>\n<meta property=\"article:modified_time\" content=\"2015-06-25T07:38:23+00:00\" \/>\n<meta property=\"og:image\" content=\"https:\/\/s-metal.hu\/app\/uploads\/2015\/02\/og-img.jpg\" \/>\n\t<meta property=\"og:image:width\" content=\"470\" \/>\n\t<meta property=\"og:image:height\" content=\"245\" \/>\n\t<meta property=\"og:image:type\" content=\"image\/jpeg\" \/>\n<meta name=\"twitter:label1\" content=\"Est. reading time\" \/>\n\t<meta name=\"twitter:data1\" content=\"2 minutes\" \/>\n<script type=\"application\/ld+json\" class=\"yoast-schema-graph\">{\"@context\":\"https:\/\/schema.org\",\"@graph\":[{\"@type\":\"WebPage\",\"@id\":\"https:\/\/s-metal.hu\/de\/umweltschutz\/\",\"url\":\"https:\/\/s-metal.hu\/de\/umweltschutz\/\",\"name\":\"Umweltschutz | Steelmetal\",\"isPartOf\":{\"@id\":\"https:\/\/s-metal.hu\/de\/#website\"},\"datePublished\":\"2015-01-20T14:59:16+00:00\",\"dateModified\":\"2015-06-25T07:38:23+00:00\",\"description\":\"Ac\u00e9l-, sz\u00ednesf\u00e9m- \u00e9s egy\u00e9b hullad\u00e9kok \u00e1tv\u00e9tele \u00e9s elad\u00e1sa, hullad\u00e9kgazd\u00e1lkod\u00e1ssal kapcsolatos szolg\u00e1ltat\u00e1sok P\u00e9csett, Vill\u00e1nyban \u00e9s Moh\u00e1cson - STEEL-MET\u00c1L Kft.\",\"breadcrumb\":{\"@id\":\"https:\/\/s-metal.hu\/de\/umweltschutz\/#breadcrumb\"},\"inLanguage\":\"de-DE\",\"potentialAction\":[{\"@type\":\"ReadAction\",\"target\":[\"https:\/\/s-metal.hu\/de\/umweltschutz\/\"]}]},{\"@type\":\"BreadcrumbList\",\"@id\":\"https:\/\/s-metal.hu\/de\/umweltschutz\/#breadcrumb\",\"itemListElement\":[{\"@type\":\"ListItem\",\"position\":1,\"name\":\"1\",\"item\":\"https:\/\/s-metal.hu\/de\/\"},{\"@type\":\"ListItem\",\"position\":2,\"name\":\"Umweltschutz\"}]},{\"@type\":\"WebSite\",\"@id\":\"https:\/\/s-metal.hu\/de\/#website\",\"url\":\"https:\/\/s-metal.hu\/de\/\",\"name\":\"Steelmetal\",\"description\":\"\",\"potentialAction\":[{\"@type\":\"SearchAction\",\"target\":{\"@type\":\"EntryPoint\",\"urlTemplate\":\"https:\/\/s-metal.hu\/de\/?s={search_term_string}\"},\"query-input\":{\"@type\":\"PropertyValueSpecification\",\"valueRequired\":true,\"valueName\":\"search_term_string\"}}],\"inLanguage\":\"de-DE\"}]}<\/script>\n<!-- \/ Yoast SEO plugin. -->","yoast_head_json":{"title":"Umweltschutz | Steelmetal","description":"Ac\u00e9l-, sz\u00ednesf\u00e9m- \u00e9s egy\u00e9b hullad\u00e9kok \u00e1tv\u00e9tele \u00e9s elad\u00e1sa, hullad\u00e9kgazd\u00e1lkod\u00e1ssal kapcsolatos szolg\u00e1ltat\u00e1sok P\u00e9csett, Vill\u00e1nyban \u00e9s Moh\u00e1cson - STEEL-MET\u00c1L Kft.","robots":{"index":"index","follow":"follow","max-snippet":"max-snippet:-1","max-image-preview":"max-image-preview:large","max-video-preview":"max-video-preview:-1"},"canonical":"https:\/\/s-metal.hu\/de\/umweltschutz\/","og_locale":"de_DE","og_type":"article","og_title":"Umweltschutz | Steelmetal","og_description":"Ac\u00e9l-, sz\u00ednesf\u00e9m- \u00e9s egy\u00e9b hullad\u00e9kok \u00e1tv\u00e9tele \u00e9s elad\u00e1sa, hullad\u00e9kgazd\u00e1lkod\u00e1ssal kapcsolatos szolg\u00e1ltat\u00e1sok P\u00e9csett, Vill\u00e1nyban \u00e9s Moh\u00e1cson - STEEL-MET\u00c1L Kft.","og_url":"https:\/\/s-metal.hu\/de\/umweltschutz\/","og_site_name":"Steelmetal","article_publisher":"https:\/\/www.facebook.com\/pages\/Steel-Metal-Kft\/1485600905020255","article_modified_time":"2015-06-25T07:38:23+00:00","og_image":[{"width":470,"height":245,"url":"https:\/\/s-metal.hu\/app\/uploads\/2015\/02\/og-img.jpg","type":"image\/jpeg"}],"twitter_misc":{"Est. reading time":"2 minutes"},"schema":{"@context":"https:\/\/schema.org","@graph":[{"@type":"WebPage","@id":"https:\/\/s-metal.hu\/de\/umweltschutz\/","url":"https:\/\/s-metal.hu\/de\/umweltschutz\/","name":"Umweltschutz | Steelmetal","isPartOf":{"@id":"https:\/\/s-metal.hu\/de\/#website"},"datePublished":"2015-01-20T14:59:16+00:00","dateModified":"2015-06-25T07:38:23+00:00","description":"Ac\u00e9l-, sz\u00ednesf\u00e9m- \u00e9s egy\u00e9b hullad\u00e9kok \u00e1tv\u00e9tele \u00e9s elad\u00e1sa, hullad\u00e9kgazd\u00e1lkod\u00e1ssal kapcsolatos szolg\u00e1ltat\u00e1sok P\u00e9csett, Vill\u00e1nyban \u00e9s Moh\u00e1cson - STEEL-MET\u00c1L Kft.","breadcrumb":{"@id":"https:\/\/s-metal.hu\/de\/umweltschutz\/#breadcrumb"},"inLanguage":"de-DE","potentialAction":[{"@type":"ReadAction","target":["https:\/\/s-metal.hu\/de\/umweltschutz\/"]}]},{"@type":"BreadcrumbList","@id":"https:\/\/s-metal.hu\/de\/umweltschutz\/#breadcrumb","itemListElement":[{"@type":"ListItem","position":1,"name":"1","item":"https:\/\/s-metal.hu\/de\/"},{"@type":"ListItem","position":2,"name":"Umweltschutz"}]},{"@type":"WebSite","@id":"https:\/\/s-metal.hu\/de\/#website","url":"https:\/\/s-metal.hu\/de\/","name":"Steelmetal","description":"","potentialAction":[{"@type":"SearchAction","target":{"@type":"EntryPoint","urlTemplate":"https:\/\/s-metal.hu\/de\/?s={search_term_string}"},"query-input":{"@type":"PropertyValueSpecification","valueRequired":true,"valueName":"search_term_string"}}],"inLanguage":"de-DE"}]}},"_links":{"self":[{"href":"https:\/\/s-metal.hu\/de\/wp-json\/wp\/v2\/pages\/1342","targetHints":{"allow":["GET"]}}],"collection":[{"href":"https:\/\/s-metal.hu\/de\/wp-json\/wp\/v2\/pages"}],"about":[{"href":"https:\/\/s-metal.hu\/de\/wp-json\/wp\/v2\/types\/page"}],"author":[{"embeddable":true,"href":"https:\/\/s-metal.hu\/de\/wp-json\/wp\/v2\/users\/4"}],"replies":[{"embeddable":true,"href":"https:\/\/s-metal.hu\/de\/wp-json\/wp\/v2\/comments?post=1342"}],"version-history":[{"count":1,"href":"https:\/\/s-metal.hu\/de\/wp-json\/wp\/v2\/pages\/1342\/revisions"}],"predecessor-version":[{"id":1343,"href":"https:\/\/s-metal.hu\/de\/wp-json\/wp\/v2\/pages\/1342\/revisions\/1343"}],"wp:attachment":[{"href":"https:\/\/s-metal.hu\/de\/wp-json\/wp\/v2\/media?parent=1342"}],"curies":[{"name":"wp","href":"https:\/\/api.w.org\/{rel}","templated":true}]}}