{"id":1346,"date":"2015-02-16T14:34:20","date_gmt":"2015-02-16T13:34:20","guid":{"rendered":"https:\/\/s-metal.hu\/?page_id=1346"},"modified":"2015-06-25T09:34:58","modified_gmt":"2015-06-25T08:34:58","slug":"genehmigungen","status":"publish","type":"page","link":"https:\/\/s-metal.hu\/de\/genehmigungen\/","title":{"rendered":"Genehmigungen"},"content":{"rendered":"<p><strong>K\u00fcj (Zeichen der Partei im Umweltschutzverfahren)<\/strong>: 100407574<\/p>\n<p><strong>Ktj (Zeichen des Umweltschutzgebiets)\/Vill\u00e1ny<\/strong>: 101180833<\/p>\n<p><strong>Ktj (Zeichen des Umweltschutzgebiets)\/P\u00e9cs<\/strong>: 101180855<\/p>\n<p><strong>Ktj (Zeichen des Umweltschutzgebiets)\/ Moh\u00e1cs<\/strong>: 102466888<\/p>\n<p>828-12\/2014: <strong>Standortgenehmigung VILL\u00c1NY<\/strong><\/p>\n<p>11799-17\/2014: <strong>Abfallwirtschaftsgenehmigung VILL\u00c1NY<\/strong><\/p>\n<p>11-11\/617-1\/2015: <strong>Betriebsgenehmigung P\u00c9CS<\/strong><\/p>\n<p>11-11\/3056-4\/2013: <strong>Standortgenehmigung P\u00c9CS<\/strong><\/p>\n<p>11797-8\/2014: <strong>Abfallwirtschaftsgenehmigung P\u00c9CS<\/strong><\/p>\n<p>4756-10\/2011: <strong>Genehmigung f\u00fcr die Behandlung gef\u00e4hrlicher und ungef\u00e4hrlicher Abf\u00e4lle P\u00c9CS<\/strong><\/p>\n<p>14\/5459-16\/2014: <strong>Genehmigung f\u00fcr den landesweiten Transport von gef\u00e4hrlichen und nicht gef\u00e4hrlichen Abf\u00e4llen<\/strong><\/p>\n<p>857-11\/2014: <strong>Standortgenehmigung MOH\u00c1CS<\/strong><\/p>\n<p>2736-17\/2014: <strong>Abfallwirtschaftsgenehmigung MOH\u00c1CS<\/strong><\/p>\n<p>FE000294: <strong>Metallhandelsgenehmigung<\/strong><\/p>\n<p>FE00029400001: <strong>Metallhandelsgenehmigung &#8211; P\u00c9CS<\/strong><\/p>\n<p>FE00029400002: <strong>Metallhandelsgenehmigung &#8211; VILL\u00c1NY<\/strong><\/p>\n<p>FE00029400003:<strong> Metallhandelsgenehmigung \u2013 MOH\u00c1CS<\/strong><\/p>\n<p>1061: <strong>Registrierte Genehmigung zur Autoentsorgung<\/strong><\/p>\n","protected":false},"excerpt":{"rendered":"<p>K\u00fcj (Zeichen der Partei im Umweltschutzverfahren): 100407574 Ktj (Zeichen des Umweltschutzgebiets)\/Vill\u00e1ny: 101180833 Ktj (Zeichen des Umweltschutzgebiets)\/P\u00e9cs: 101180855 Ktj (Zeichen des Umweltschutzgebiets)\/ Moh\u00e1cs: 102466888 828-12\/2014: Standortgenehmigung VILL\u00c1NY 11799-17\/2014: Abfallwirtschaftsgenehmigung VILL\u00c1NY 11-11\/617-1\/2015: Betriebsgenehmigung P\u00c9CS 11-11\/3056-4\/2013: Standortgenehmigung P\u00c9CS 11797-8\/2014: Abfallwirtschaftsgenehmigung P\u00c9CS 4756-10\/2011: Genehmigung f\u00fcr die Behandlung gef\u00e4hrlicher und ungef\u00e4hrlicher Abf\u00e4lle P\u00c9CS 14\/5459-16\/2014: Genehmigung f\u00fcr den landesweiten Transport von &hellip; <a href=\"https:\/\/s-metal.hu\/de\/genehmigungen\/\">Continued<\/a><\/p>\n","protected":false},"author":4,"featured_media":0,"parent":0,"menu_order":24,"comment_status":"closed","ping_status":"open","template":"","meta":{"_acf_changed":false,"footnotes":""},"class_list":["post-1346","page","type-page","status-publish","hentry"],"acf":[],"yoast_head":"<!-- This site is optimized with the Yoast SEO plugin v23.9 - https:\/\/yoast.com\/wordpress\/plugins\/seo\/ -->\n<title>Genehmigungen | Steelmetal<\/title>\n<meta name=\"description\" content=\"Ac\u00e9l-, sz\u00ednesf\u00e9m- \u00e9s egy\u00e9b hullad\u00e9kok \u00e1tv\u00e9tele \u00e9s elad\u00e1sa, hullad\u00e9kgazd\u00e1lkod\u00e1ssal kapcsolatos szolg\u00e1ltat\u00e1sok P\u00e9csett, Vill\u00e1nyban \u00e9s Moh\u00e1cson - STEEL-MET\u00c1L Kft.\" \/>\n<meta name=\"robots\" content=\"index, follow, max-snippet:-1, max-image-preview:large, max-video-preview:-1\" \/>\n<link rel=\"canonical\" href=\"https:\/\/s-metal.hu\/de\/genehmigungen\/\" \/>\n<meta property=\"og:locale\" content=\"de_DE\" \/>\n<meta property=\"og:type\" content=\"article\" \/>\n<meta property=\"og:title\" content=\"Genehmigungen | Steelmetal\" \/>\n<meta property=\"og:description\" content=\"Ac\u00e9l-, sz\u00ednesf\u00e9m- \u00e9s egy\u00e9b hullad\u00e9kok \u00e1tv\u00e9tele \u00e9s elad\u00e1sa, hullad\u00e9kgazd\u00e1lkod\u00e1ssal kapcsolatos szolg\u00e1ltat\u00e1sok P\u00e9csett, Vill\u00e1nyban \u00e9s Moh\u00e1cson - STEEL-MET\u00c1L Kft.\" \/>\n<meta property=\"og:url\" content=\"https:\/\/s-metal.hu\/de\/genehmigungen\/\" \/>\n<meta property=\"og:site_name\" content=\"Steelmetal\" \/>\n<meta property=\"article:publisher\" content=\"https:\/\/www.facebook.com\/pages\/Steel-Metal-Kft\/1485600905020255\" \/>\n<meta property=\"article:modified_time\" content=\"2015-06-25T08:34:58+00:00\" \/>\n<meta property=\"og:image\" content=\"https:\/\/s-metal.hu\/app\/uploads\/2015\/02\/og-img.jpg\" \/>\n\t<meta property=\"og:image:width\" content=\"470\" \/>\n\t<meta property=\"og:image:height\" content=\"245\" \/>\n\t<meta property=\"og:image:type\" content=\"image\/jpeg\" \/>\n<meta name=\"twitter:label1\" content=\"Est. reading time\" \/>\n\t<meta name=\"twitter:data1\" content=\"1 minute\" \/>\n<script type=\"application\/ld+json\" class=\"yoast-schema-graph\">{\"@context\":\"https:\/\/schema.org\",\"@graph\":[{\"@type\":\"WebPage\",\"@id\":\"https:\/\/s-metal.hu\/de\/genehmigungen\/\",\"url\":\"https:\/\/s-metal.hu\/de\/genehmigungen\/\",\"name\":\"Genehmigungen | Steelmetal\",\"isPartOf\":{\"@id\":\"https:\/\/s-metal.hu\/de\/#website\"},\"datePublished\":\"2015-02-16T13:34:20+00:00\",\"dateModified\":\"2015-06-25T08:34:58+00:00\",\"description\":\"Ac\u00e9l-, sz\u00ednesf\u00e9m- \u00e9s egy\u00e9b hullad\u00e9kok \u00e1tv\u00e9tele \u00e9s elad\u00e1sa, hullad\u00e9kgazd\u00e1lkod\u00e1ssal kapcsolatos szolg\u00e1ltat\u00e1sok P\u00e9csett, Vill\u00e1nyban \u00e9s Moh\u00e1cson - STEEL-MET\u00c1L Kft.\",\"breadcrumb\":{\"@id\":\"https:\/\/s-metal.hu\/de\/genehmigungen\/#breadcrumb\"},\"inLanguage\":\"de-DE\",\"potentialAction\":[{\"@type\":\"ReadAction\",\"target\":[\"https:\/\/s-metal.hu\/de\/genehmigungen\/\"]}]},{\"@type\":\"BreadcrumbList\",\"@id\":\"https:\/\/s-metal.hu\/de\/genehmigungen\/#breadcrumb\",\"itemListElement\":[{\"@type\":\"ListItem\",\"position\":1,\"name\":\"1\",\"item\":\"https:\/\/s-metal.hu\/de\/\"},{\"@type\":\"ListItem\",\"position\":2,\"name\":\"Genehmigungen\"}]},{\"@type\":\"WebSite\",\"@id\":\"https:\/\/s-metal.hu\/de\/#website\",\"url\":\"https:\/\/s-metal.hu\/de\/\",\"name\":\"Steelmetal\",\"description\":\"\",\"potentialAction\":[{\"@type\":\"SearchAction\",\"target\":{\"@type\":\"EntryPoint\",\"urlTemplate\":\"https:\/\/s-metal.hu\/de\/?s={search_term_string}\"},\"query-input\":{\"@type\":\"PropertyValueSpecification\",\"valueRequired\":true,\"valueName\":\"search_term_string\"}}],\"inLanguage\":\"de-DE\"}]}<\/script>\n<!-- \/ Yoast SEO plugin. -->","yoast_head_json":{"title":"Genehmigungen | Steelmetal","description":"Ac\u00e9l-, sz\u00ednesf\u00e9m- \u00e9s egy\u00e9b hullad\u00e9kok \u00e1tv\u00e9tele \u00e9s elad\u00e1sa, hullad\u00e9kgazd\u00e1lkod\u00e1ssal kapcsolatos szolg\u00e1ltat\u00e1sok P\u00e9csett, Vill\u00e1nyban \u00e9s Moh\u00e1cson - STEEL-MET\u00c1L Kft.","robots":{"index":"index","follow":"follow","max-snippet":"max-snippet:-1","max-image-preview":"max-image-preview:large","max-video-preview":"max-video-preview:-1"},"canonical":"https:\/\/s-metal.hu\/de\/genehmigungen\/","og_locale":"de_DE","og_type":"article","og_title":"Genehmigungen | Steelmetal","og_description":"Ac\u00e9l-, sz\u00ednesf\u00e9m- \u00e9s egy\u00e9b hullad\u00e9kok \u00e1tv\u00e9tele \u00e9s elad\u00e1sa, hullad\u00e9kgazd\u00e1lkod\u00e1ssal kapcsolatos szolg\u00e1ltat\u00e1sok P\u00e9csett, Vill\u00e1nyban \u00e9s Moh\u00e1cson - STEEL-MET\u00c1L Kft.","og_url":"https:\/\/s-metal.hu\/de\/genehmigungen\/","og_site_name":"Steelmetal","article_publisher":"https:\/\/www.facebook.com\/pages\/Steel-Metal-Kft\/1485600905020255","article_modified_time":"2015-06-25T08:34:58+00:00","og_image":[{"width":470,"height":245,"url":"https:\/\/s-metal.hu\/app\/uploads\/2015\/02\/og-img.jpg","type":"image\/jpeg"}],"twitter_misc":{"Est. reading time":"1 minute"},"schema":{"@context":"https:\/\/schema.org","@graph":[{"@type":"WebPage","@id":"https:\/\/s-metal.hu\/de\/genehmigungen\/","url":"https:\/\/s-metal.hu\/de\/genehmigungen\/","name":"Genehmigungen | Steelmetal","isPartOf":{"@id":"https:\/\/s-metal.hu\/de\/#website"},"datePublished":"2015-02-16T13:34:20+00:00","dateModified":"2015-06-25T08:34:58+00:00","description":"Ac\u00e9l-, sz\u00ednesf\u00e9m- \u00e9s egy\u00e9b hullad\u00e9kok \u00e1tv\u00e9tele \u00e9s elad\u00e1sa, hullad\u00e9kgazd\u00e1lkod\u00e1ssal kapcsolatos szolg\u00e1ltat\u00e1sok P\u00e9csett, Vill\u00e1nyban \u00e9s Moh\u00e1cson - STEEL-MET\u00c1L Kft.","breadcrumb":{"@id":"https:\/\/s-metal.hu\/de\/genehmigungen\/#breadcrumb"},"inLanguage":"de-DE","potentialAction":[{"@type":"ReadAction","target":["https:\/\/s-metal.hu\/de\/genehmigungen\/"]}]},{"@type":"BreadcrumbList","@id":"https:\/\/s-metal.hu\/de\/genehmigungen\/#breadcrumb","itemListElement":[{"@type":"ListItem","position":1,"name":"1","item":"https:\/\/s-metal.hu\/de\/"},{"@type":"ListItem","position":2,"name":"Genehmigungen"}]},{"@type":"WebSite","@id":"https:\/\/s-metal.hu\/de\/#website","url":"https:\/\/s-metal.hu\/de\/","name":"Steelmetal","description":"","potentialAction":[{"@type":"SearchAction","target":{"@type":"EntryPoint","urlTemplate":"https:\/\/s-metal.hu\/de\/?s={search_term_string}"},"query-input":{"@type":"PropertyValueSpecification","valueRequired":true,"valueName":"search_term_string"}}],"inLanguage":"de-DE"}]}},"_links":{"self":[{"href":"https:\/\/s-metal.hu\/de\/wp-json\/wp\/v2\/pages\/1346","targetHints":{"allow":["GET"]}}],"collection":[{"href":"https:\/\/s-metal.hu\/de\/wp-json\/wp\/v2\/pages"}],"about":[{"href":"https:\/\/s-metal.hu\/de\/wp-json\/wp\/v2\/types\/page"}],"author":[{"embeddable":true,"href":"https:\/\/s-metal.hu\/de\/wp-json\/wp\/v2\/users\/4"}],"replies":[{"embeddable":true,"href":"https:\/\/s-metal.hu\/de\/wp-json\/wp\/v2\/comments?post=1346"}],"version-history":[{"count":2,"href":"https:\/\/s-metal.hu\/de\/wp-json\/wp\/v2\/pages\/1346\/revisions"}],"predecessor-version":[{"id":4340,"href":"https:\/\/s-metal.hu\/de\/wp-json\/wp\/v2\/pages\/1346\/revisions\/4340"}],"wp:attachment":[{"href":"https:\/\/s-metal.hu\/de\/wp-json\/wp\/v2\/media?parent=1346"}],"curies":[{"name":"wp","href":"https:\/\/api.w.org\/{rel}","templated":true}]}}