{"id":1350,"date":"2015-01-31T11:31:10","date_gmt":"2015-01-31T10:31:10","guid":{"rendered":"https:\/\/s-metal.hu\/?page_id=1350"},"modified":"2019-07-22T07:10:32","modified_gmt":"2019-07-22T06:10:32","slug":"uber-uns","status":"publish","type":"page","link":"https:\/\/s-metal.hu\/de\/uber-uns\/","title":{"rendered":"\u00dcber uns"},"content":{"rendered":"<p><strong>Firmenvorstellung:<\/strong><\/p>\n<p>Wir haben unsere T\u00e4tigkeiten im Zusammenhang mit Abfallhandel, Sammlung und Vertrieb 1993, als Einzelunternehmen begonnen, dann haben wir bis zum 01.01.1998 als Einzelfirma funktioniert. Da gr\u00fcndeten wir die M\u00c9HIKE GmbH.<\/p>\n<p>Unser <strong>Firmensitz und Standort Nr. 1<\/strong> befinden sich in <strong>Vill\u00e1ny, Ady fasor 34. <\/strong><\/p>\n<p>In der ersten H\u00e4lfte des Jahres 2000 er\u00f6ffneten wir unseren <strong>2. Standort, in P\u00e9cs, unter L\u00e9gszeszgy\u00e1r u. 34<\/strong>.<\/p>\n<p>&nbsp;<\/p>\n<figure id=\"attachment_895\" aria-describedby=\"caption-attachment-895\" style=\"width: 350px\" class=\"wp-caption aligncenter\"><a href=\"https:\/\/s-metal.hu\/app\/uploads\/2015\/04\/IMG_55155v.jpg\"><img loading=\"lazy\" decoding=\"async\" class=\" wp-image-895\" src=\"https:\/\/s-metal.hu\/app\/uploads\/2015\/04\/IMG_55155v-300x131.jpg\" alt=\"Standort Vill\u00e1ny\" width=\"350\" height=\"153\" srcset=\"https:\/\/s-metal.hu\/app\/uploads\/2015\/04\/IMG_55155v-300x131.jpg 300w, https:\/\/s-metal.hu\/app\/uploads\/2015\/04\/IMG_55155v-1024x446.jpg 1024w, https:\/\/s-metal.hu\/app\/uploads\/2015\/04\/IMG_55155v.jpg 1763w\" sizes=\"auto, (max-width: 350px) 100vw, 350px\" \/><\/a><figcaption id=\"caption-attachment-895\" class=\"wp-caption-text\">Standort Vill\u00e1ny<\/figcaption><\/figure>\n<p>&nbsp;<\/p>\n<figure id=\"attachment_367\" aria-describedby=\"caption-attachment-367\" style=\"width: 326px\" class=\"wp-caption aligncenter\"><a href=\"https:\/\/s-metal.hu\/app\/uploads\/2015\/01\/IMG_57333.jpg\"><img loading=\"lazy\" decoding=\"async\" class=\" wp-image-367\" src=\"https:\/\/s-metal.hu\/app\/uploads\/2015\/01\/IMG_57333-300x207.jpg\" alt=\"Standort P\u00e9cs\" width=\"326\" height=\"225\" srcset=\"https:\/\/s-metal.hu\/app\/uploads\/2015\/01\/IMG_57333-300x207.jpg 300w, https:\/\/s-metal.hu\/app\/uploads\/2015\/01\/IMG_57333-1024x709.jpg 1024w\" sizes=\"auto, (max-width: 326px) 100vw, 326px\" \/><\/a><figcaption id=\"caption-attachment-367\" class=\"wp-caption-text\">Standort P\u00e9cs<\/figcaption><\/figure>\n<p>&nbsp;<\/p>\n<p>Am 29.06.2001 \u00e4nderte sich unser Name wegen Umwandlung auf STEEL-MET\u00c1L GmbH.<\/p>\n<p>2013 kaufte die Steel\u2013Met\u00e1l GmbH den 100%-igen Gesch\u00e4ftsanteil der Baranyametall GmbH auf, und im Sommer des kommenden Jahres wurde dieser als <strong>Standort<\/strong> <strong>Nr. 3.\u2013 P\u00e9cs, Edison u. 41.<\/strong> \u2013 in die Steel \u2013 Met\u00e1l GmbH eingegliedert.<\/p>\n<p>Anfang 2014 kauften wir den Standort der fr\u00fcheren \u00c9P-G\u00c9P in <strong>Moh\u00e1cs<\/strong>, unter Budapesti u. 12. Auf einem Teil des 3,7 Hektar gro\u00dfen Gel\u00e4ndes er\u00f6ffneten wir unseren <strong>Standort Nr. 4<\/strong> zur Abfallbehandlung, auf der anderen H\u00e4lfte er\u00f6ffneten wir unseren Schlossereibetrieb. Ebenfalls dort errichteten wir eine Abbruch- und Sortierhalle, in der wir nicht gef\u00e4hrliche Abf\u00e4lle, Elektronikabf\u00e4lle, metallhaltige, nicht mehr zu verwendende Teile, Einrichtungen entsorgen.<\/p>\n<figure id=\"attachment_378\" aria-describedby=\"caption-attachment-378\" style=\"width: 300px\" class=\"wp-caption aligncenter\"><a href=\"https:\/\/s-metal.hu\/app\/uploads\/2015\/01\/IMG_56666.jpg\"><img loading=\"lazy\" decoding=\"async\" class=\"size-medium wp-image-378\" src=\"https:\/\/s-metal.hu\/app\/uploads\/2015\/01\/IMG_56666-300x200.jpg\" alt=\"Standort Moh\u00e1cs\" width=\"300\" height=\"200\" srcset=\"https:\/\/s-metal.hu\/app\/uploads\/2015\/01\/IMG_56666-300x200.jpg 300w, https:\/\/s-metal.hu\/app\/uploads\/2015\/01\/IMG_56666-1024x682.jpg 1024w\" sizes=\"auto, (max-width: 300px) 100vw, 300px\" \/><\/a><figcaption id=\"caption-attachment-378\" class=\"wp-caption-text\">Standort Moh\u00e1cs<\/figcaption><\/figure>\n<p>&nbsp;<\/p>\n<p>Der Eigent\u00fcmer der Steel \u2013 Met\u00e1l GmbH kaufte im Jahr 2012 den fast 60%-igen Gesch\u00e4ftsanteil der am Rand des Bankrotts stehenden Moh\u00e1csi Vas\u00f6nt\u00f6de GmbH (Moh\u00e1csi Eisengie\u00dferei GmbH) und erwarb so die Mehrheitsbeteiligung.<\/p>\n<p><strong>Dadurch entstand eine Firmengruppe mit den folgenden Mitgliedern<\/strong><\/p>\n<ul>\n<li>Steel \u2013Met\u00e1l Hullad\u00e9kkereskedelmi \u00e9s K\u00f6rnyezetv\u00e9delmi Kft (Steel \u2013Met\u00e1l Abfallhandels- und Umweltschutz GmbH)<\/li>\n<li>Moh\u00e1csi Vas\u00f6nt\u00f6de Ipari \u00e9s Kereskedelmi Kft (Moh\u00e1cser Eisengie\u00dferei Industrie- und Handels-GmbH)<\/li>\n<li>Met\u00e1l \u2013 Invest vagyonkezel\u0151 Kft (Met\u00e1l-Invest Verm\u00f6gensverwaltungs GmbH)<\/li>\n<\/ul>\n<p><strong>Hauptt\u00e4tigkeiten der Firmengruppe:<\/strong><\/p>\n<ul>\n<li>Abfallsammlung, Behandlung, Umweltmanagement, Verschrotten von Autos, Verschrotten von Eisen- und Metallkonstruktionen.<\/li>\n<li>Herstellung von Hydranten, Gusst\u00fccken f\u00fcr Kanalisations- und Wasserarmaturen, Herstellung von Ejektor-Ventilbrunnen, Herstellung von Maschinengussteilen, Ziergussst\u00fccken, Stra\u00dfenm\u00f6beln in Blatt- und Kugelgraphitqualit\u00e4t.<\/li>\n<li>Herstellung, Oberfl\u00e4chenbehandlung von Stahlkonstruktionen, gro\u00dfen zylindrischen K\u00f6rpern (Silos, Stahltanks), Containern, Maschinenteilen.<\/li>\n<\/ul>\n","protected":false},"excerpt":{"rendered":"<p>Firmenvorstellung: Wir haben unsere T\u00e4tigkeiten im Zusammenhang mit Abfallhandel, Sammlung und Vertrieb 1993, als Einzelunternehmen begonnen, dann haben wir bis zum 01.01.1998 als Einzelfirma funktioniert. Da gr\u00fcndeten wir die M\u00c9HIKE GmbH. Unser Firmensitz und Standort Nr. 1 befinden sich in Vill\u00e1ny, Ady fasor 34. In der ersten H\u00e4lfte des Jahres 2000 er\u00f6ffneten wir unseren 2. &hellip; <a href=\"https:\/\/s-metal.hu\/de\/uber-uns\/\">Continued<\/a><\/p>\n","protected":false},"author":4,"featured_media":0,"parent":0,"menu_order":31,"comment_status":"closed","ping_status":"open","template":"","meta":{"_acf_changed":false,"footnotes":""},"class_list":["post-1350","page","type-page","status-publish","hentry"],"acf":[],"yoast_head":"<!-- This site is optimized with the Yoast SEO plugin v23.9 - https:\/\/yoast.com\/wordpress\/plugins\/seo\/ -->\n<title>\u00dcber uns | Steelmetal<\/title>\n<meta name=\"description\" content=\"Ac\u00e9l-, sz\u00ednesf\u00e9m- \u00e9s egy\u00e9b hullad\u00e9kok \u00e1tv\u00e9tele \u00e9s elad\u00e1sa, hullad\u00e9kgazd\u00e1lkod\u00e1ssal kapcsolatos szolg\u00e1ltat\u00e1sok P\u00e9csett, Vill\u00e1nyban \u00e9s Moh\u00e1cson - STEEL-MET\u00c1L Kft.\" \/>\n<meta name=\"robots\" content=\"index, follow, max-snippet:-1, max-image-preview:large, max-video-preview:-1\" \/>\n<link rel=\"canonical\" href=\"https:\/\/s-metal.hu\/de\/uber-uns\/\" \/>\n<meta property=\"og:locale\" content=\"de_DE\" \/>\n<meta property=\"og:type\" content=\"article\" \/>\n<meta property=\"og:title\" content=\"\u00dcber uns | Steelmetal\" \/>\n<meta property=\"og:description\" content=\"Ac\u00e9l-, sz\u00ednesf\u00e9m- \u00e9s egy\u00e9b hullad\u00e9kok \u00e1tv\u00e9tele \u00e9s elad\u00e1sa, hullad\u00e9kgazd\u00e1lkod\u00e1ssal kapcsolatos szolg\u00e1ltat\u00e1sok P\u00e9csett, Vill\u00e1nyban \u00e9s Moh\u00e1cson - STEEL-MET\u00c1L Kft.\" \/>\n<meta property=\"og:url\" content=\"https:\/\/s-metal.hu\/de\/uber-uns\/\" \/>\n<meta property=\"og:site_name\" content=\"Steelmetal\" \/>\n<meta property=\"article:publisher\" content=\"https:\/\/www.facebook.com\/pages\/Steel-Metal-Kft\/1485600905020255\" \/>\n<meta property=\"article:modified_time\" content=\"2019-07-22T06:10:32+00:00\" \/>\n<meta property=\"og:image\" content=\"https:\/\/s-metal.hu\/app\/uploads\/2015\/04\/IMG_55155v.jpg\" \/>\n\t<meta property=\"og:image:width\" content=\"1763\" \/>\n\t<meta property=\"og:image:height\" content=\"768\" \/>\n\t<meta property=\"og:image:type\" content=\"image\/jpeg\" \/>\n<meta name=\"twitter:label1\" content=\"Est. reading time\" \/>\n\t<meta name=\"twitter:data1\" content=\"2 minutes\" \/>\n<script type=\"application\/ld+json\" class=\"yoast-schema-graph\">{\"@context\":\"https:\/\/schema.org\",\"@graph\":[{\"@type\":\"WebPage\",\"@id\":\"https:\/\/s-metal.hu\/de\/uber-uns\/\",\"url\":\"https:\/\/s-metal.hu\/de\/uber-uns\/\",\"name\":\"\u00dcber uns | Steelmetal\",\"isPartOf\":{\"@id\":\"https:\/\/s-metal.hu\/de\/#website\"},\"primaryImageOfPage\":{\"@id\":\"https:\/\/s-metal.hu\/de\/uber-uns\/#primaryimage\"},\"image\":{\"@id\":\"https:\/\/s-metal.hu\/de\/uber-uns\/#primaryimage\"},\"thumbnailUrl\":\"https:\/\/s-metal.hu\/app\/uploads\/2015\/04\/IMG_55155v-300x131.jpg\",\"datePublished\":\"2015-01-31T10:31:10+00:00\",\"dateModified\":\"2019-07-22T06:10:32+00:00\",\"description\":\"Ac\u00e9l-, sz\u00ednesf\u00e9m- \u00e9s egy\u00e9b hullad\u00e9kok \u00e1tv\u00e9tele \u00e9s elad\u00e1sa, hullad\u00e9kgazd\u00e1lkod\u00e1ssal kapcsolatos szolg\u00e1ltat\u00e1sok P\u00e9csett, Vill\u00e1nyban \u00e9s Moh\u00e1cson - STEEL-MET\u00c1L Kft.\",\"breadcrumb\":{\"@id\":\"https:\/\/s-metal.hu\/de\/uber-uns\/#breadcrumb\"},\"inLanguage\":\"de-DE\",\"potentialAction\":[{\"@type\":\"ReadAction\",\"target\":[\"https:\/\/s-metal.hu\/de\/uber-uns\/\"]}]},{\"@type\":\"ImageObject\",\"inLanguage\":\"de-DE\",\"@id\":\"https:\/\/s-metal.hu\/de\/uber-uns\/#primaryimage\",\"url\":\"https:\/\/s-metal.hu\/app\/uploads\/2015\/04\/IMG_55155v-300x131.jpg\",\"contentUrl\":\"https:\/\/s-metal.hu\/app\/uploads\/2015\/04\/IMG_55155v-300x131.jpg\"},{\"@type\":\"BreadcrumbList\",\"@id\":\"https:\/\/s-metal.hu\/de\/uber-uns\/#breadcrumb\",\"itemListElement\":[{\"@type\":\"ListItem\",\"position\":1,\"name\":\"1\",\"item\":\"https:\/\/s-metal.hu\/de\/\"},{\"@type\":\"ListItem\",\"position\":2,\"name\":\"\u00dcber uns\"}]},{\"@type\":\"WebSite\",\"@id\":\"https:\/\/s-metal.hu\/de\/#website\",\"url\":\"https:\/\/s-metal.hu\/de\/\",\"name\":\"Steelmetal\",\"description\":\"\",\"potentialAction\":[{\"@type\":\"SearchAction\",\"target\":{\"@type\":\"EntryPoint\",\"urlTemplate\":\"https:\/\/s-metal.hu\/de\/?s={search_term_string}\"},\"query-input\":{\"@type\":\"PropertyValueSpecification\",\"valueRequired\":true,\"valueName\":\"search_term_string\"}}],\"inLanguage\":\"de-DE\"}]}<\/script>\n<!-- \/ Yoast SEO plugin. -->","yoast_head_json":{"title":"\u00dcber uns | Steelmetal","description":"Ac\u00e9l-, sz\u00ednesf\u00e9m- \u00e9s egy\u00e9b hullad\u00e9kok \u00e1tv\u00e9tele \u00e9s elad\u00e1sa, hullad\u00e9kgazd\u00e1lkod\u00e1ssal kapcsolatos szolg\u00e1ltat\u00e1sok P\u00e9csett, Vill\u00e1nyban \u00e9s Moh\u00e1cson - STEEL-MET\u00c1L Kft.","robots":{"index":"index","follow":"follow","max-snippet":"max-snippet:-1","max-image-preview":"max-image-preview:large","max-video-preview":"max-video-preview:-1"},"canonical":"https:\/\/s-metal.hu\/de\/uber-uns\/","og_locale":"de_DE","og_type":"article","og_title":"\u00dcber uns | Steelmetal","og_description":"Ac\u00e9l-, sz\u00ednesf\u00e9m- \u00e9s egy\u00e9b hullad\u00e9kok \u00e1tv\u00e9tele \u00e9s elad\u00e1sa, hullad\u00e9kgazd\u00e1lkod\u00e1ssal kapcsolatos szolg\u00e1ltat\u00e1sok P\u00e9csett, Vill\u00e1nyban \u00e9s Moh\u00e1cson - STEEL-MET\u00c1L Kft.","og_url":"https:\/\/s-metal.hu\/de\/uber-uns\/","og_site_name":"Steelmetal","article_publisher":"https:\/\/www.facebook.com\/pages\/Steel-Metal-Kft\/1485600905020255","article_modified_time":"2019-07-22T06:10:32+00:00","og_image":[{"width":1763,"height":768,"url":"https:\/\/s-metal.hu\/app\/uploads\/2015\/04\/IMG_55155v.jpg","type":"image\/jpeg"}],"twitter_misc":{"Est. reading time":"2 minutes"},"schema":{"@context":"https:\/\/schema.org","@graph":[{"@type":"WebPage","@id":"https:\/\/s-metal.hu\/de\/uber-uns\/","url":"https:\/\/s-metal.hu\/de\/uber-uns\/","name":"\u00dcber uns | Steelmetal","isPartOf":{"@id":"https:\/\/s-metal.hu\/de\/#website"},"primaryImageOfPage":{"@id":"https:\/\/s-metal.hu\/de\/uber-uns\/#primaryimage"},"image":{"@id":"https:\/\/s-metal.hu\/de\/uber-uns\/#primaryimage"},"thumbnailUrl":"https:\/\/s-metal.hu\/app\/uploads\/2015\/04\/IMG_55155v-300x131.jpg","datePublished":"2015-01-31T10:31:10+00:00","dateModified":"2019-07-22T06:10:32+00:00","description":"Ac\u00e9l-, sz\u00ednesf\u00e9m- \u00e9s egy\u00e9b hullad\u00e9kok \u00e1tv\u00e9tele \u00e9s elad\u00e1sa, hullad\u00e9kgazd\u00e1lkod\u00e1ssal kapcsolatos szolg\u00e1ltat\u00e1sok P\u00e9csett, Vill\u00e1nyban \u00e9s Moh\u00e1cson - STEEL-MET\u00c1L Kft.","breadcrumb":{"@id":"https:\/\/s-metal.hu\/de\/uber-uns\/#breadcrumb"},"inLanguage":"de-DE","potentialAction":[{"@type":"ReadAction","target":["https:\/\/s-metal.hu\/de\/uber-uns\/"]}]},{"@type":"ImageObject","inLanguage":"de-DE","@id":"https:\/\/s-metal.hu\/de\/uber-uns\/#primaryimage","url":"https:\/\/s-metal.hu\/app\/uploads\/2015\/04\/IMG_55155v-300x131.jpg","contentUrl":"https:\/\/s-metal.hu\/app\/uploads\/2015\/04\/IMG_55155v-300x131.jpg"},{"@type":"BreadcrumbList","@id":"https:\/\/s-metal.hu\/de\/uber-uns\/#breadcrumb","itemListElement":[{"@type":"ListItem","position":1,"name":"1","item":"https:\/\/s-metal.hu\/de\/"},{"@type":"ListItem","position":2,"name":"\u00dcber uns"}]},{"@type":"WebSite","@id":"https:\/\/s-metal.hu\/de\/#website","url":"https:\/\/s-metal.hu\/de\/","name":"Steelmetal","description":"","potentialAction":[{"@type":"SearchAction","target":{"@type":"EntryPoint","urlTemplate":"https:\/\/s-metal.hu\/de\/?s={search_term_string}"},"query-input":{"@type":"PropertyValueSpecification","valueRequired":true,"valueName":"search_term_string"}}],"inLanguage":"de-DE"}]}},"_links":{"self":[{"href":"https:\/\/s-metal.hu\/de\/wp-json\/wp\/v2\/pages\/1350","targetHints":{"allow":["GET"]}}],"collection":[{"href":"https:\/\/s-metal.hu\/de\/wp-json\/wp\/v2\/pages"}],"about":[{"href":"https:\/\/s-metal.hu\/de\/wp-json\/wp\/v2\/types\/page"}],"author":[{"embeddable":true,"href":"https:\/\/s-metal.hu\/de\/wp-json\/wp\/v2\/users\/4"}],"replies":[{"embeddable":true,"href":"https:\/\/s-metal.hu\/de\/wp-json\/wp\/v2\/comments?post=1350"}],"version-history":[{"count":1,"href":"https:\/\/s-metal.hu\/de\/wp-json\/wp\/v2\/pages\/1350\/revisions"}],"predecessor-version":[{"id":1351,"href":"https:\/\/s-metal.hu\/de\/wp-json\/wp\/v2\/pages\/1350\/revisions\/1351"}],"wp:attachment":[{"href":"https:\/\/s-metal.hu\/de\/wp-json\/wp\/v2\/media?parent=1350"}],"curies":[{"name":"wp","href":"https:\/\/api.w.org\/{rel}","templated":true}]}}