{"id":1977,"date":"2015-01-07T08:16:17","date_gmt":"2015-01-07T07:16:17","guid":{"rendered":"https:\/\/s-metal.hu\/atvetel-2\/"},"modified":"2017-02-22T14:35:44","modified_gmt":"2017-02-22T13:35:44","slug":"atvetel","status":"publish","type":"page","link":"https:\/\/s-metal.hu\/de\/atvetel\/","title":{"rendered":"Annahme"},"content":{"rendered":"<p>A Steel \u2013 Met\u00e1l Kft. els\u0151sorban vas \u00e9s sz\u00ednesf\u00e9mhullad\u00e9kok, vesz\u00e9lyes \u00e9s nem vesz\u00e9lyes hullad\u00e9kok begy\u0171jt\u00e9s\u00e9vel, \u00e1tv\u00e9tel\u00e9vel, kezel\u00e9s\u00e9vel, ac\u00e9lszerkezetek, g\u00e9pek, berendez\u00e9sek helysz\u00edni bont\u00e1s\u00e1val, foglalkozik.<\/p>\n","protected":false},"excerpt":{"rendered":"<p>A Steel \u2013 Met\u00e1l Kft. els\u0151sorban vas \u00e9s sz\u00ednesf\u00e9mhullad\u00e9kok, vesz\u00e9lyes \u00e9s nem vesz\u00e9lyes hullad\u00e9kok begy\u0171jt\u00e9s\u00e9vel, \u00e1tv\u00e9tel\u00e9vel, kezel\u00e9s\u00e9vel, ac\u00e9lszerkezetek, g\u00e9pek, berendez\u00e9sek helysz\u00edni bont\u00e1s\u00e1val, foglalkozik.<\/p>\n","protected":false},"author":7,"featured_media":0,"parent":0,"menu_order":46,"comment_status":"open","ping_status":"open","template":"buy.php","meta":{"_acf_changed":false,"footnotes":""},"class_list":["post-1977","page","type-page","status-publish","hentry"],"acf":[],"yoast_head":"<!-- This site is optimized with the Yoast SEO plugin v23.9 - https:\/\/yoast.com\/wordpress\/plugins\/seo\/ -->\n<title>\u00c1tv\u00e9tel | Steel Met\u00e1l Kft.<\/title>\n<meta name=\"description\" content=\"Az al\u00e1bbi hullad\u00e9kok ker\u00fclnek \u00e1tv\u00e9telre: ac\u00e9l, sz\u00ednesf\u00e9m, pap\u00edr, elektronikai hull, vesz\u00e9lyes \u00e9s nem vesz\u00e9lyes hullad\u00e9k, \u00fcveg. Szakszer\u0171, gyors kiszolg\u00e1l\u00e1s.\" \/>\n<meta name=\"robots\" content=\"index, follow, max-snippet:-1, max-image-preview:large, max-video-preview:-1\" \/>\n<link rel=\"canonical\" href=\"https:\/\/s-metal.hu\/de\/atvetel\/\" \/>\n<meta property=\"og:locale\" content=\"de_DE\" \/>\n<meta property=\"og:type\" content=\"article\" \/>\n<meta property=\"og:title\" content=\"\u00c1tv\u00e9tel | Steel Met\u00e1l Kft.\" \/>\n<meta property=\"og:description\" content=\"Az al\u00e1bbi hullad\u00e9kok ker\u00fclnek \u00e1tv\u00e9telre: ac\u00e9l, sz\u00ednesf\u00e9m, pap\u00edr, elektronikai hull, vesz\u00e9lyes \u00e9s nem vesz\u00e9lyes hullad\u00e9k, \u00fcveg. Szakszer\u0171, gyors kiszolg\u00e1l\u00e1s.\" \/>\n<meta property=\"og:url\" content=\"https:\/\/s-metal.hu\/de\/atvetel\/\" \/>\n<meta property=\"og:site_name\" content=\"Steelmetal\" \/>\n<meta property=\"article:publisher\" content=\"https:\/\/www.facebook.com\/pages\/Steel-Metal-Kft\/1485600905020255\" \/>\n<meta property=\"article:modified_time\" content=\"2017-02-22T13:35:44+00:00\" \/>\n<meta property=\"og:image\" content=\"https:\/\/s-metal.hu\/app\/uploads\/2015\/02\/og-img.jpg\" \/>\n\t<meta property=\"og:image:width\" content=\"470\" \/>\n\t<meta property=\"og:image:height\" content=\"245\" \/>\n\t<meta property=\"og:image:type\" content=\"image\/jpeg\" \/>\n<script type=\"application\/ld+json\" class=\"yoast-schema-graph\">{\"@context\":\"https:\/\/schema.org\",\"@graph\":[{\"@type\":\"WebPage\",\"@id\":\"https:\/\/s-metal.hu\/de\/atvetel\/\",\"url\":\"https:\/\/s-metal.hu\/de\/atvetel\/\",\"name\":\"\u00c1tv\u00e9tel | Steel Met\u00e1l Kft.\",\"isPartOf\":{\"@id\":\"https:\/\/s-metal.hu\/de\/#website\"},\"datePublished\":\"2015-01-07T07:16:17+00:00\",\"dateModified\":\"2017-02-22T13:35:44+00:00\",\"description\":\"Az al\u00e1bbi hullad\u00e9kok ker\u00fclnek \u00e1tv\u00e9telre: ac\u00e9l, sz\u00ednesf\u00e9m, pap\u00edr, elektronikai hull, vesz\u00e9lyes \u00e9s nem vesz\u00e9lyes hullad\u00e9k, \u00fcveg. Szakszer\u0171, gyors kiszolg\u00e1l\u00e1s.\",\"breadcrumb\":{\"@id\":\"https:\/\/s-metal.hu\/de\/atvetel\/#breadcrumb\"},\"inLanguage\":\"de-DE\",\"potentialAction\":[{\"@type\":\"ReadAction\",\"target\":[\"https:\/\/s-metal.hu\/de\/atvetel\/\"]}]},{\"@type\":\"BreadcrumbList\",\"@id\":\"https:\/\/s-metal.hu\/de\/atvetel\/#breadcrumb\",\"itemListElement\":[{\"@type\":\"ListItem\",\"position\":1,\"name\":\"1\",\"item\":\"https:\/\/s-metal.hu\/de\/\"},{\"@type\":\"ListItem\",\"position\":2,\"name\":\"Annahme\"}]},{\"@type\":\"WebSite\",\"@id\":\"https:\/\/s-metal.hu\/de\/#website\",\"url\":\"https:\/\/s-metal.hu\/de\/\",\"name\":\"Steelmetal\",\"description\":\"\",\"potentialAction\":[{\"@type\":\"SearchAction\",\"target\":{\"@type\":\"EntryPoint\",\"urlTemplate\":\"https:\/\/s-metal.hu\/de\/?s={search_term_string}\"},\"query-input\":{\"@type\":\"PropertyValueSpecification\",\"valueRequired\":true,\"valueName\":\"search_term_string\"}}],\"inLanguage\":\"de-DE\"}]}<\/script>\n<!-- \/ Yoast SEO plugin. -->","yoast_head_json":{"title":"\u00c1tv\u00e9tel | Steel Met\u00e1l Kft.","description":"Az al\u00e1bbi hullad\u00e9kok ker\u00fclnek \u00e1tv\u00e9telre: ac\u00e9l, sz\u00ednesf\u00e9m, pap\u00edr, elektronikai hull, vesz\u00e9lyes \u00e9s nem vesz\u00e9lyes hullad\u00e9k, \u00fcveg. Szakszer\u0171, gyors kiszolg\u00e1l\u00e1s.","robots":{"index":"index","follow":"follow","max-snippet":"max-snippet:-1","max-image-preview":"max-image-preview:large","max-video-preview":"max-video-preview:-1"},"canonical":"https:\/\/s-metal.hu\/de\/atvetel\/","og_locale":"de_DE","og_type":"article","og_title":"\u00c1tv\u00e9tel | Steel Met\u00e1l Kft.","og_description":"Az al\u00e1bbi hullad\u00e9kok ker\u00fclnek \u00e1tv\u00e9telre: ac\u00e9l, sz\u00ednesf\u00e9m, pap\u00edr, elektronikai hull, vesz\u00e9lyes \u00e9s nem vesz\u00e9lyes hullad\u00e9k, \u00fcveg. Szakszer\u0171, gyors kiszolg\u00e1l\u00e1s.","og_url":"https:\/\/s-metal.hu\/de\/atvetel\/","og_site_name":"Steelmetal","article_publisher":"https:\/\/www.facebook.com\/pages\/Steel-Metal-Kft\/1485600905020255","article_modified_time":"2017-02-22T13:35:44+00:00","og_image":[{"width":470,"height":245,"url":"https:\/\/s-metal.hu\/app\/uploads\/2015\/02\/og-img.jpg","type":"image\/jpeg"}],"schema":{"@context":"https:\/\/schema.org","@graph":[{"@type":"WebPage","@id":"https:\/\/s-metal.hu\/de\/atvetel\/","url":"https:\/\/s-metal.hu\/de\/atvetel\/","name":"\u00c1tv\u00e9tel | Steel Met\u00e1l Kft.","isPartOf":{"@id":"https:\/\/s-metal.hu\/de\/#website"},"datePublished":"2015-01-07T07:16:17+00:00","dateModified":"2017-02-22T13:35:44+00:00","description":"Az al\u00e1bbi hullad\u00e9kok ker\u00fclnek \u00e1tv\u00e9telre: ac\u00e9l, sz\u00ednesf\u00e9m, pap\u00edr, elektronikai hull, vesz\u00e9lyes \u00e9s nem vesz\u00e9lyes hullad\u00e9k, \u00fcveg. Szakszer\u0171, gyors kiszolg\u00e1l\u00e1s.","breadcrumb":{"@id":"https:\/\/s-metal.hu\/de\/atvetel\/#breadcrumb"},"inLanguage":"de-DE","potentialAction":[{"@type":"ReadAction","target":["https:\/\/s-metal.hu\/de\/atvetel\/"]}]},{"@type":"BreadcrumbList","@id":"https:\/\/s-metal.hu\/de\/atvetel\/#breadcrumb","itemListElement":[{"@type":"ListItem","position":1,"name":"1","item":"https:\/\/s-metal.hu\/de\/"},{"@type":"ListItem","position":2,"name":"Annahme"}]},{"@type":"WebSite","@id":"https:\/\/s-metal.hu\/de\/#website","url":"https:\/\/s-metal.hu\/de\/","name":"Steelmetal","description":"","potentialAction":[{"@type":"SearchAction","target":{"@type":"EntryPoint","urlTemplate":"https:\/\/s-metal.hu\/de\/?s={search_term_string}"},"query-input":{"@type":"PropertyValueSpecification","valueRequired":true,"valueName":"search_term_string"}}],"inLanguage":"de-DE"}]}},"_links":{"self":[{"href":"https:\/\/s-metal.hu\/de\/wp-json\/wp\/v2\/pages\/1977","targetHints":{"allow":["GET"]}}],"collection":[{"href":"https:\/\/s-metal.hu\/de\/wp-json\/wp\/v2\/pages"}],"about":[{"href":"https:\/\/s-metal.hu\/de\/wp-json\/wp\/v2\/types\/page"}],"author":[{"embeddable":true,"href":"https:\/\/s-metal.hu\/de\/wp-json\/wp\/v2\/users\/7"}],"replies":[{"embeddable":true,"href":"https:\/\/s-metal.hu\/de\/wp-json\/wp\/v2\/comments?post=1977"}],"version-history":[{"count":4,"href":"https:\/\/s-metal.hu\/de\/wp-json\/wp\/v2\/pages\/1977\/revisions"}],"predecessor-version":[{"id":3177,"href":"https:\/\/s-metal.hu\/de\/wp-json\/wp\/v2\/pages\/1977\/revisions\/3177"}],"wp:attachment":[{"href":"https:\/\/s-metal.hu\/de\/wp-json\/wp\/v2\/media?parent=1977"}],"curies":[{"name":"wp","href":"https:\/\/api.w.org\/{rel}","templated":true}]}}