{"id":1179,"date":"2015-01-20T15:59:16","date_gmt":"2015-01-20T14:59:16","guid":{"rendered":"https:\/\/s-metal.hu\/?page_id=1179"},"modified":"2015-06-24T08:28:00","modified_gmt":"2015-06-24T07:28:00","slug":"environmental-protection","status":"publish","type":"page","link":"https:\/\/s-metal.hu\/en\/environmental-protection\/","title":{"rendered":"Environmental protection"},"content":{"rendered":"<h4>Complex consultancy services in the waste management area<\/h4>\n<p><strong>Waste management consultancy:<\/strong><\/p>\n<ul>\n<li>revision of the waste management systems of companies and legal compliance verification,<\/li>\n<li>establishment and revision of waste inventory systems and preparation of declarations in accordance with regulatory requirements,<\/li>\n<li>preparation of waste management plans, waste management regulations,<\/li>\n<li>preparation of a material balance<\/li>\n<\/ul>\n<p>We assist our Clients in all environmental procedures.<\/p>\n<p>Upon request, we manage the authorization process and issue acceptance declarations.<\/p>\n<h4>Waste declaration:<\/h4>\n<p>Professional consultancy services, preparation of a complete waste inventory and annual waste declarations.<\/p>\n<h4>Noise measurement:<\/h4>\n<p><strong>Instrumental measurement of environmental noise and noise emission:<\/strong><\/p>\n<p>According to the following regulations:<\/p>\n<ul>\n<li>Government Decree No. 284\/2007(29 Oct) on certain rules of protection against environmental noise and vibration<\/li>\n<li>Joint Decree No. 27\/2008. (3 Dec) K\u00f6M-E\u00fcM of the Ministry of Health and the Ministry of Environment on the establishment of noise and vibration limit values<\/li>\n<li>Decree No. 93\/2007. (18 Dec) KvVM of the Ministry of Environment and Water Management on the establishment method of noise emission limit values and the method of noise and vibration emission control<\/li>\n<li>MSz 18150\/1. \u201cExamination and evaluation of environmental noise.\u201d<\/li>\n<\/ul>\n<p><strong>Measurement of the level of workplace noise and light conditions:<\/strong><\/p>\n<p>According to the following regulations:<\/p>\n<ul>\n<li>Decree No. 66\/2005. (22 Dec) E\u00fcM of the Ministry of Health on the minimal health and safety conditions related to employees exposed to noise<\/li>\n<li>Decree No. 3\/2002. (8 Feb) SZCSM-E\u00fcM of the Ministry of Social and Family Affairs and the Ministry of Health on the minimum requirements for health and safety at work<\/li>\n<\/ul>\n<h4>Hazardous wastes:<\/h4>\n<p>Collection and pre-treatment of waste generated by locksmith and metalworking companies, the machine and vehicle repair industrial sector, farms, and small businesses.<br \/>\nTransportation service assisted collection of packaging materials, paint residues, and waste contaminated with hazardous materials, derived from surface treatment; furthermore, upon request we install storage containers in accordance with the ADR regulations and replace them on an ad-hoc basis.<\/p>\n","protected":false},"excerpt":{"rendered":"<p>Complex consultancy services in the waste management area Waste management consultancy: revision of the waste management systems of companies and legal compliance verification, establishment and revision of waste inventory systems and preparation of declarations in accordance with regulatory requirements, preparation of waste management plans, waste management regulations, preparation of a material balance We assist our &hellip; <a href=\"https:\/\/s-metal.hu\/en\/environmental-protection\/\">Continued<\/a><\/p>\n","protected":false},"author":4,"featured_media":0,"parent":0,"menu_order":14,"comment_status":"open","ping_status":"open","template":"","meta":{"_acf_changed":false,"footnotes":""},"class_list":["post-1179","page","type-page","status-publish","hentry"],"acf":[],"yoast_head":"<!-- This site is optimized with the Yoast SEO plugin v23.9 - https:\/\/yoast.com\/wordpress\/plugins\/seo\/ -->\n<title>Environmental protection | Steelmetal<\/title>\n<meta name=\"description\" content=\"Ac\u00e9l-, sz\u00ednesf\u00e9m- \u00e9s egy\u00e9b hullad\u00e9kok \u00e1tv\u00e9tele \u00e9s elad\u00e1sa, hullad\u00e9kgazd\u00e1lkod\u00e1ssal kapcsolatos szolg\u00e1ltat\u00e1sok P\u00e9csett, Vill\u00e1nyban \u00e9s Moh\u00e1cson - STEEL-MET\u00c1L Kft.\" \/>\n<meta name=\"robots\" content=\"index, follow, max-snippet:-1, max-image-preview:large, max-video-preview:-1\" \/>\n<link rel=\"canonical\" href=\"https:\/\/s-metal.hu\/en\/environmental-protection\/\" \/>\n<meta property=\"og:locale\" content=\"en_US\" \/>\n<meta property=\"og:type\" content=\"article\" \/>\n<meta property=\"og:title\" content=\"Environmental protection | Steelmetal\" \/>\n<meta property=\"og:description\" content=\"Ac\u00e9l-, sz\u00ednesf\u00e9m- \u00e9s egy\u00e9b hullad\u00e9kok \u00e1tv\u00e9tele \u00e9s elad\u00e1sa, hullad\u00e9kgazd\u00e1lkod\u00e1ssal kapcsolatos szolg\u00e1ltat\u00e1sok P\u00e9csett, Vill\u00e1nyban \u00e9s Moh\u00e1cson - STEEL-MET\u00c1L Kft.\" \/>\n<meta property=\"og:url\" content=\"https:\/\/s-metal.hu\/en\/environmental-protection\/\" \/>\n<meta property=\"og:site_name\" content=\"Steelmetal\" \/>\n<meta property=\"article:publisher\" content=\"https:\/\/www.facebook.com\/pages\/Steel-Metal-Kft\/1485600905020255\" \/>\n<meta property=\"article:modified_time\" content=\"2015-06-24T07:28:00+00:00\" \/>\n<meta property=\"og:image\" content=\"https:\/\/s-metal.hu\/app\/uploads\/2015\/02\/og-img.jpg\" \/>\n\t<meta property=\"og:image:width\" content=\"470\" \/>\n\t<meta property=\"og:image:height\" content=\"245\" \/>\n\t<meta property=\"og:image:type\" content=\"image\/jpeg\" \/>\n<meta name=\"twitter:label1\" content=\"Est. reading time\" \/>\n\t<meta name=\"twitter:data1\" content=\"2 minutes\" \/>\n<script type=\"application\/ld+json\" class=\"yoast-schema-graph\">{\"@context\":\"https:\/\/schema.org\",\"@graph\":[{\"@type\":\"WebPage\",\"@id\":\"https:\/\/s-metal.hu\/en\/environmental-protection\/\",\"url\":\"https:\/\/s-metal.hu\/en\/environmental-protection\/\",\"name\":\"Environmental protection | Steelmetal\",\"isPartOf\":{\"@id\":\"https:\/\/s-metal.hu\/en\/#website\"},\"datePublished\":\"2015-01-20T14:59:16+00:00\",\"dateModified\":\"2015-06-24T07:28:00+00:00\",\"description\":\"Ac\u00e9l-, sz\u00ednesf\u00e9m- \u00e9s egy\u00e9b hullad\u00e9kok \u00e1tv\u00e9tele \u00e9s elad\u00e1sa, hullad\u00e9kgazd\u00e1lkod\u00e1ssal kapcsolatos szolg\u00e1ltat\u00e1sok P\u00e9csett, Vill\u00e1nyban \u00e9s Moh\u00e1cson - STEEL-MET\u00c1L Kft.\",\"breadcrumb\":{\"@id\":\"https:\/\/s-metal.hu\/en\/environmental-protection\/#breadcrumb\"},\"inLanguage\":\"en-US\",\"potentialAction\":[{\"@type\":\"ReadAction\",\"target\":[\"https:\/\/s-metal.hu\/en\/environmental-protection\/\"]}]},{\"@type\":\"BreadcrumbList\",\"@id\":\"https:\/\/s-metal.hu\/en\/environmental-protection\/#breadcrumb\",\"itemListElement\":[{\"@type\":\"ListItem\",\"position\":1,\"name\":\"1\",\"item\":\"https:\/\/s-metal.hu\/en\/\"},{\"@type\":\"ListItem\",\"position\":2,\"name\":\"Environmental protection\"}]},{\"@type\":\"WebSite\",\"@id\":\"https:\/\/s-metal.hu\/en\/#website\",\"url\":\"https:\/\/s-metal.hu\/en\/\",\"name\":\"Steelmetal\",\"description\":\"\",\"potentialAction\":[{\"@type\":\"SearchAction\",\"target\":{\"@type\":\"EntryPoint\",\"urlTemplate\":\"https:\/\/s-metal.hu\/en\/?s={search_term_string}\"},\"query-input\":{\"@type\":\"PropertyValueSpecification\",\"valueRequired\":true,\"valueName\":\"search_term_string\"}}],\"inLanguage\":\"en-US\"}]}<\/script>\n<!-- \/ Yoast SEO plugin. -->","yoast_head_json":{"title":"Environmental protection | Steelmetal","description":"Ac\u00e9l-, sz\u00ednesf\u00e9m- \u00e9s egy\u00e9b hullad\u00e9kok \u00e1tv\u00e9tele \u00e9s elad\u00e1sa, hullad\u00e9kgazd\u00e1lkod\u00e1ssal kapcsolatos szolg\u00e1ltat\u00e1sok P\u00e9csett, Vill\u00e1nyban \u00e9s Moh\u00e1cson - STEEL-MET\u00c1L Kft.","robots":{"index":"index","follow":"follow","max-snippet":"max-snippet:-1","max-image-preview":"max-image-preview:large","max-video-preview":"max-video-preview:-1"},"canonical":"https:\/\/s-metal.hu\/en\/environmental-protection\/","og_locale":"en_US","og_type":"article","og_title":"Environmental protection | Steelmetal","og_description":"Ac\u00e9l-, sz\u00ednesf\u00e9m- \u00e9s egy\u00e9b hullad\u00e9kok \u00e1tv\u00e9tele \u00e9s elad\u00e1sa, hullad\u00e9kgazd\u00e1lkod\u00e1ssal kapcsolatos szolg\u00e1ltat\u00e1sok P\u00e9csett, Vill\u00e1nyban \u00e9s Moh\u00e1cson - STEEL-MET\u00c1L Kft.","og_url":"https:\/\/s-metal.hu\/en\/environmental-protection\/","og_site_name":"Steelmetal","article_publisher":"https:\/\/www.facebook.com\/pages\/Steel-Metal-Kft\/1485600905020255","article_modified_time":"2015-06-24T07:28:00+00:00","og_image":[{"width":470,"height":245,"url":"https:\/\/s-metal.hu\/app\/uploads\/2015\/02\/og-img.jpg","type":"image\/jpeg"}],"twitter_misc":{"Est. reading time":"2 minutes"},"schema":{"@context":"https:\/\/schema.org","@graph":[{"@type":"WebPage","@id":"https:\/\/s-metal.hu\/en\/environmental-protection\/","url":"https:\/\/s-metal.hu\/en\/environmental-protection\/","name":"Environmental protection | Steelmetal","isPartOf":{"@id":"https:\/\/s-metal.hu\/en\/#website"},"datePublished":"2015-01-20T14:59:16+00:00","dateModified":"2015-06-24T07:28:00+00:00","description":"Ac\u00e9l-, sz\u00ednesf\u00e9m- \u00e9s egy\u00e9b hullad\u00e9kok \u00e1tv\u00e9tele \u00e9s elad\u00e1sa, hullad\u00e9kgazd\u00e1lkod\u00e1ssal kapcsolatos szolg\u00e1ltat\u00e1sok P\u00e9csett, Vill\u00e1nyban \u00e9s Moh\u00e1cson - STEEL-MET\u00c1L Kft.","breadcrumb":{"@id":"https:\/\/s-metal.hu\/en\/environmental-protection\/#breadcrumb"},"inLanguage":"en-US","potentialAction":[{"@type":"ReadAction","target":["https:\/\/s-metal.hu\/en\/environmental-protection\/"]}]},{"@type":"BreadcrumbList","@id":"https:\/\/s-metal.hu\/en\/environmental-protection\/#breadcrumb","itemListElement":[{"@type":"ListItem","position":1,"name":"1","item":"https:\/\/s-metal.hu\/en\/"},{"@type":"ListItem","position":2,"name":"Environmental protection"}]},{"@type":"WebSite","@id":"https:\/\/s-metal.hu\/en\/#website","url":"https:\/\/s-metal.hu\/en\/","name":"Steelmetal","description":"","potentialAction":[{"@type":"SearchAction","target":{"@type":"EntryPoint","urlTemplate":"https:\/\/s-metal.hu\/en\/?s={search_term_string}"},"query-input":{"@type":"PropertyValueSpecification","valueRequired":true,"valueName":"search_term_string"}}],"inLanguage":"en-US"}]}},"_links":{"self":[{"href":"https:\/\/s-metal.hu\/en\/wp-json\/wp\/v2\/pages\/1179","targetHints":{"allow":["GET"]}}],"collection":[{"href":"https:\/\/s-metal.hu\/en\/wp-json\/wp\/v2\/pages"}],"about":[{"href":"https:\/\/s-metal.hu\/en\/wp-json\/wp\/v2\/types\/page"}],"author":[{"embeddable":true,"href":"https:\/\/s-metal.hu\/en\/wp-json\/wp\/v2\/users\/4"}],"replies":[{"embeddable":true,"href":"https:\/\/s-metal.hu\/en\/wp-json\/wp\/v2\/comments?post=1179"}],"version-history":[{"count":1,"href":"https:\/\/s-metal.hu\/en\/wp-json\/wp\/v2\/pages\/1179\/revisions"}],"predecessor-version":[{"id":1180,"href":"https:\/\/s-metal.hu\/en\/wp-json\/wp\/v2\/pages\/1179\/revisions\/1180"}],"wp:attachment":[{"href":"https:\/\/s-metal.hu\/en\/wp-json\/wp\/v2\/media?parent=1179"}],"curies":[{"name":"wp","href":"https:\/\/api.w.org\/{rel}","templated":true}]}}