{"id":1181,"date":"2015-01-31T20:44:58","date_gmt":"2015-01-31T19:44:58","guid":{"rendered":"https:\/\/s-metal.hu\/?page_id=1181"},"modified":"2020-02-21T10:48:45","modified_gmt":"2020-02-21T09:48:45","slug":"quality-assurance","status":"publish","type":"page","link":"https:\/\/s-metal.hu\/en\/quality-assurance\/","title":{"rendered":"Quality assurance"},"content":{"rendered":"<p>Since 2007 our company has been operating a quality assurance system accredited by Pannon certification centre.<br \/>\nOur company is operated in compliance with the ISO 9002 Quality Management System and the ISO14001 Environmental Management System according to our Clients\u2019 rising expectations.<\/p>\n<p>Click on the images to see our certificates:<\/p>\n<p><a href=\"http:\/\/s-metal.hu\/app\/uploads\/2020\/02\/QscertObchod20191030082212.pdf\" target=\"_blank\" rel=\"noopener noreferrer\"><img loading=\"lazy\" decoding=\"async\" class=\"alignnone wp-image-4556 size-medium\" src=\"http:\/\/s-metal.hu\/app\/uploads\/2020\/02\/chrome_H0LgEcgVZt-212x300.png\" alt=\"\" width=\"212\" height=\"300\" srcset=\"https:\/\/s-metal.hu\/app\/uploads\/2020\/02\/chrome_H0LgEcgVZt-212x300.png 212w, https:\/\/s-metal.hu\/app\/uploads\/2020\/02\/chrome_H0LgEcgVZt.png 525w\" sizes=\"auto, (max-width: 212px) 100vw, 212px\" \/><\/a> <a href=\"http:\/\/s-metal.hu\/app\/uploads\/2020\/02\/QscertObchod20191030082239-1.pdf\" target=\"_blank\" rel=\"noopener noreferrer\"><img loading=\"lazy\" decoding=\"async\" class=\"alignnone wp-image-4558 size-medium\" src=\"http:\/\/s-metal.hu\/app\/uploads\/2020\/02\/chrome_SapgNw8c9R-211x300.png\" alt=\"\" width=\"211\" height=\"300\" srcset=\"https:\/\/s-metal.hu\/app\/uploads\/2020\/02\/chrome_SapgNw8c9R-211x300.png 211w, https:\/\/s-metal.hu\/app\/uploads\/2020\/02\/chrome_SapgNw8c9R.png 523w\" sizes=\"auto, (max-width: 211px) 100vw, 211px\" \/><\/a><\/p>\n","protected":false},"excerpt":{"rendered":"<p>Since 2007 our company has been operating a quality assurance system accredited by Pannon certification centre. Our company is operated in compliance with the ISO 9002 Quality Management System and the ISO14001 Environmental Management System according to our Clients\u2019 rising expectations. Click on the images to see our certificates:<\/p>\n","protected":false},"author":4,"featured_media":0,"parent":0,"menu_order":30,"comment_status":"closed","ping_status":"open","template":"","meta":{"_acf_changed":false,"footnotes":""},"class_list":["post-1181","page","type-page","status-publish","hentry"],"acf":[],"yoast_head":"<!-- This site is optimized with the Yoast SEO plugin v23.9 - https:\/\/yoast.com\/wordpress\/plugins\/seo\/ -->\n<title>Quality assurance | Steelmetal<\/title>\n<meta name=\"description\" content=\"Ac\u00e9l-, sz\u00ednesf\u00e9m- \u00e9s egy\u00e9b hullad\u00e9kok \u00e1tv\u00e9tele \u00e9s elad\u00e1sa, hullad\u00e9kgazd\u00e1lkod\u00e1ssal kapcsolatos szolg\u00e1ltat\u00e1sok P\u00e9csett, Vill\u00e1nyban \u00e9s Moh\u00e1cson - STEEL-MET\u00c1L Kft.\" \/>\n<meta name=\"robots\" content=\"index, follow, max-snippet:-1, max-image-preview:large, max-video-preview:-1\" \/>\n<link rel=\"canonical\" href=\"https:\/\/s-metal.hu\/en\/quality-assurance\/\" \/>\n<meta property=\"og:locale\" content=\"en_US\" \/>\n<meta property=\"og:type\" content=\"article\" \/>\n<meta property=\"og:title\" content=\"Quality assurance | Steelmetal\" \/>\n<meta property=\"og:description\" content=\"Ac\u00e9l-, sz\u00ednesf\u00e9m- \u00e9s egy\u00e9b hullad\u00e9kok \u00e1tv\u00e9tele \u00e9s elad\u00e1sa, hullad\u00e9kgazd\u00e1lkod\u00e1ssal kapcsolatos szolg\u00e1ltat\u00e1sok P\u00e9csett, Vill\u00e1nyban \u00e9s Moh\u00e1cson - STEEL-MET\u00c1L Kft.\" \/>\n<meta property=\"og:url\" content=\"https:\/\/s-metal.hu\/en\/quality-assurance\/\" \/>\n<meta property=\"og:site_name\" content=\"Steelmetal\" \/>\n<meta property=\"article:publisher\" content=\"https:\/\/www.facebook.com\/pages\/Steel-Metal-Kft\/1485600905020255\" \/>\n<meta property=\"article:modified_time\" content=\"2020-02-21T09:48:45+00:00\" \/>\n<meta property=\"og:image\" content=\"https:\/\/s-metal.hu\/app\/uploads\/2020\/02\/chrome_H0LgEcgVZt.png\" \/>\n\t<meta property=\"og:image:width\" content=\"525\" \/>\n\t<meta property=\"og:image:height\" content=\"743\" \/>\n\t<meta property=\"og:image:type\" content=\"image\/png\" \/>\n<script type=\"application\/ld+json\" class=\"yoast-schema-graph\">{\"@context\":\"https:\/\/schema.org\",\"@graph\":[{\"@type\":\"WebPage\",\"@id\":\"https:\/\/s-metal.hu\/en\/quality-assurance\/\",\"url\":\"https:\/\/s-metal.hu\/en\/quality-assurance\/\",\"name\":\"Quality assurance | Steelmetal\",\"isPartOf\":{\"@id\":\"https:\/\/s-metal.hu\/en\/#website\"},\"primaryImageOfPage\":{\"@id\":\"https:\/\/s-metal.hu\/en\/quality-assurance\/#primaryimage\"},\"image\":{\"@id\":\"https:\/\/s-metal.hu\/en\/quality-assurance\/#primaryimage\"},\"thumbnailUrl\":\"http:\/\/s-metal.hu\/app\/uploads\/2020\/02\/chrome_H0LgEcgVZt-212x300.png\",\"datePublished\":\"2015-01-31T19:44:58+00:00\",\"dateModified\":\"2020-02-21T09:48:45+00:00\",\"description\":\"Ac\u00e9l-, sz\u00ednesf\u00e9m- \u00e9s egy\u00e9b hullad\u00e9kok \u00e1tv\u00e9tele \u00e9s elad\u00e1sa, hullad\u00e9kgazd\u00e1lkod\u00e1ssal kapcsolatos szolg\u00e1ltat\u00e1sok P\u00e9csett, Vill\u00e1nyban \u00e9s Moh\u00e1cson - STEEL-MET\u00c1L Kft.\",\"breadcrumb\":{\"@id\":\"https:\/\/s-metal.hu\/en\/quality-assurance\/#breadcrumb\"},\"inLanguage\":\"en-US\",\"potentialAction\":[{\"@type\":\"ReadAction\",\"target\":[\"https:\/\/s-metal.hu\/en\/quality-assurance\/\"]}]},{\"@type\":\"ImageObject\",\"inLanguage\":\"en-US\",\"@id\":\"https:\/\/s-metal.hu\/en\/quality-assurance\/#primaryimage\",\"url\":\"http:\/\/s-metal.hu\/app\/uploads\/2020\/02\/chrome_H0LgEcgVZt-212x300.png\",\"contentUrl\":\"http:\/\/s-metal.hu\/app\/uploads\/2020\/02\/chrome_H0LgEcgVZt-212x300.png\"},{\"@type\":\"BreadcrumbList\",\"@id\":\"https:\/\/s-metal.hu\/en\/quality-assurance\/#breadcrumb\",\"itemListElement\":[{\"@type\":\"ListItem\",\"position\":1,\"name\":\"1\",\"item\":\"https:\/\/s-metal.hu\/en\/\"},{\"@type\":\"ListItem\",\"position\":2,\"name\":\"Quality assurance\"}]},{\"@type\":\"WebSite\",\"@id\":\"https:\/\/s-metal.hu\/en\/#website\",\"url\":\"https:\/\/s-metal.hu\/en\/\",\"name\":\"Steelmetal\",\"description\":\"\",\"potentialAction\":[{\"@type\":\"SearchAction\",\"target\":{\"@type\":\"EntryPoint\",\"urlTemplate\":\"https:\/\/s-metal.hu\/en\/?s={search_term_string}\"},\"query-input\":{\"@type\":\"PropertyValueSpecification\",\"valueRequired\":true,\"valueName\":\"search_term_string\"}}],\"inLanguage\":\"en-US\"}]}<\/script>\n<!-- \/ Yoast SEO plugin. -->","yoast_head_json":{"title":"Quality assurance | Steelmetal","description":"Ac\u00e9l-, sz\u00ednesf\u00e9m- \u00e9s egy\u00e9b hullad\u00e9kok \u00e1tv\u00e9tele \u00e9s elad\u00e1sa, hullad\u00e9kgazd\u00e1lkod\u00e1ssal kapcsolatos szolg\u00e1ltat\u00e1sok P\u00e9csett, Vill\u00e1nyban \u00e9s Moh\u00e1cson - STEEL-MET\u00c1L Kft.","robots":{"index":"index","follow":"follow","max-snippet":"max-snippet:-1","max-image-preview":"max-image-preview:large","max-video-preview":"max-video-preview:-1"},"canonical":"https:\/\/s-metal.hu\/en\/quality-assurance\/","og_locale":"en_US","og_type":"article","og_title":"Quality assurance | Steelmetal","og_description":"Ac\u00e9l-, sz\u00ednesf\u00e9m- \u00e9s egy\u00e9b hullad\u00e9kok \u00e1tv\u00e9tele \u00e9s elad\u00e1sa, hullad\u00e9kgazd\u00e1lkod\u00e1ssal kapcsolatos szolg\u00e1ltat\u00e1sok P\u00e9csett, Vill\u00e1nyban \u00e9s Moh\u00e1cson - STEEL-MET\u00c1L Kft.","og_url":"https:\/\/s-metal.hu\/en\/quality-assurance\/","og_site_name":"Steelmetal","article_publisher":"https:\/\/www.facebook.com\/pages\/Steel-Metal-Kft\/1485600905020255","article_modified_time":"2020-02-21T09:48:45+00:00","og_image":[{"width":525,"height":743,"url":"https:\/\/s-metal.hu\/app\/uploads\/2020\/02\/chrome_H0LgEcgVZt.png","type":"image\/png"}],"schema":{"@context":"https:\/\/schema.org","@graph":[{"@type":"WebPage","@id":"https:\/\/s-metal.hu\/en\/quality-assurance\/","url":"https:\/\/s-metal.hu\/en\/quality-assurance\/","name":"Quality assurance | Steelmetal","isPartOf":{"@id":"https:\/\/s-metal.hu\/en\/#website"},"primaryImageOfPage":{"@id":"https:\/\/s-metal.hu\/en\/quality-assurance\/#primaryimage"},"image":{"@id":"https:\/\/s-metal.hu\/en\/quality-assurance\/#primaryimage"},"thumbnailUrl":"http:\/\/s-metal.hu\/app\/uploads\/2020\/02\/chrome_H0LgEcgVZt-212x300.png","datePublished":"2015-01-31T19:44:58+00:00","dateModified":"2020-02-21T09:48:45+00:00","description":"Ac\u00e9l-, sz\u00ednesf\u00e9m- \u00e9s egy\u00e9b hullad\u00e9kok \u00e1tv\u00e9tele \u00e9s elad\u00e1sa, hullad\u00e9kgazd\u00e1lkod\u00e1ssal kapcsolatos szolg\u00e1ltat\u00e1sok P\u00e9csett, Vill\u00e1nyban \u00e9s Moh\u00e1cson - STEEL-MET\u00c1L Kft.","breadcrumb":{"@id":"https:\/\/s-metal.hu\/en\/quality-assurance\/#breadcrumb"},"inLanguage":"en-US","potentialAction":[{"@type":"ReadAction","target":["https:\/\/s-metal.hu\/en\/quality-assurance\/"]}]},{"@type":"ImageObject","inLanguage":"en-US","@id":"https:\/\/s-metal.hu\/en\/quality-assurance\/#primaryimage","url":"http:\/\/s-metal.hu\/app\/uploads\/2020\/02\/chrome_H0LgEcgVZt-212x300.png","contentUrl":"http:\/\/s-metal.hu\/app\/uploads\/2020\/02\/chrome_H0LgEcgVZt-212x300.png"},{"@type":"BreadcrumbList","@id":"https:\/\/s-metal.hu\/en\/quality-assurance\/#breadcrumb","itemListElement":[{"@type":"ListItem","position":1,"name":"1","item":"https:\/\/s-metal.hu\/en\/"},{"@type":"ListItem","position":2,"name":"Quality assurance"}]},{"@type":"WebSite","@id":"https:\/\/s-metal.hu\/en\/#website","url":"https:\/\/s-metal.hu\/en\/","name":"Steelmetal","description":"","potentialAction":[{"@type":"SearchAction","target":{"@type":"EntryPoint","urlTemplate":"https:\/\/s-metal.hu\/en\/?s={search_term_string}"},"query-input":{"@type":"PropertyValueSpecification","valueRequired":true,"valueName":"search_term_string"}}],"inLanguage":"en-US"}]}},"_links":{"self":[{"href":"https:\/\/s-metal.hu\/en\/wp-json\/wp\/v2\/pages\/1181","targetHints":{"allow":["GET"]}}],"collection":[{"href":"https:\/\/s-metal.hu\/en\/wp-json\/wp\/v2\/pages"}],"about":[{"href":"https:\/\/s-metal.hu\/en\/wp-json\/wp\/v2\/types\/page"}],"author":[{"embeddable":true,"href":"https:\/\/s-metal.hu\/en\/wp-json\/wp\/v2\/users\/4"}],"replies":[{"embeddable":true,"href":"https:\/\/s-metal.hu\/en\/wp-json\/wp\/v2\/comments?post=1181"}],"version-history":[{"count":4,"href":"https:\/\/s-metal.hu\/en\/wp-json\/wp\/v2\/pages\/1181\/revisions"}],"predecessor-version":[{"id":4559,"href":"https:\/\/s-metal.hu\/en\/wp-json\/wp\/v2\/pages\/1181\/revisions\/4559"}],"wp:attachment":[{"href":"https:\/\/s-metal.hu\/en\/wp-json\/wp\/v2\/media?parent=1181"}],"curies":[{"name":"wp","href":"https:\/\/api.w.org\/{rel}","templated":true}]}}