{"id":1183,"date":"2015-02-16T14:34:20","date_gmt":"2015-02-16T13:34:20","guid":{"rendered":"https:\/\/s-metal.hu\/?page_id=1183"},"modified":"2015-06-24T09:23:27","modified_gmt":"2015-06-24T08:23:27","slug":"licences-permits","status":"publish","type":"page","link":"https:\/\/s-metal.hu\/en\/licences-permits\/","title":{"rendered":"Licences and permits"},"content":{"rendered":"<p><strong>K\u00fcj (Environmental Client Number):<\/strong> 100407574<\/p>\n<p><strong>Ktj (Environmental Area Number) Vill\u00e1ny:<\/strong> 101180833<\/p>\n<p><strong>Ktj P\u00e9cs:<\/strong> 101180855<\/p>\n<p><strong>Ktj Moh\u00e1cs:<\/strong> 102466888<\/p>\n<p>828-12\/2014: <strong>Site permit VILL\u00c1NY<\/strong><\/p>\n<p>11799-17\/2014: <strong>Waste management licence VILL\u00c1NY<\/strong><\/p>\n<p>11-11\/617-1\/2015: <strong>Operating licence P\u00c9CS<\/strong><\/p>\n<p>11-11\/3056-4\/2013: <strong>Site permit P\u00c9CS<\/strong><\/p>\n<p>11797-8\/2014: <strong>Waste management licence P\u00c9CS<\/strong><\/p>\n<p>4756-10\/2011: <strong>Hazardous and non-hazardous waste management licence P\u00c9CS<\/strong><\/p>\n<p>14\/5459-16\/2014: <strong>National hazardous and non-hazardous waste transportation licence<\/strong><\/p>\n<p>857-11\/2014: <strong>Site permit MOH\u00c1CS<\/strong><\/p>\n<p>2736-17\/2014: <strong>Waste management licence MOH\u00c1CS<\/strong><\/p>\n<p>FE000294: <strong>Metal trading licence<\/strong><\/p>\n<p>FE00029400001: <strong>Metal trading licence &#8211; P\u00c9CS<\/strong><\/p>\n<p>FE00029400002: <strong>Metal trading licence &#8211; VILL\u00c1NY<\/strong><\/p>\n<p>FE00029400003: <strong>Metal trading licence \u2013 MOH\u00c1CS<\/strong><\/p>\n<p>1061: <strong>Registered vehicle dismantling licence <\/strong><\/p>\n","protected":false},"excerpt":{"rendered":"<p>K\u00fcj (Environmental Client Number): 100407574 Ktj (Environmental Area Number) Vill\u00e1ny: 101180833 Ktj P\u00e9cs: 101180855 Ktj Moh\u00e1cs: 102466888 828-12\/2014: Site permit VILL\u00c1NY 11799-17\/2014: Waste management licence VILL\u00c1NY 11-11\/617-1\/2015: Operating licence P\u00c9CS 11-11\/3056-4\/2013: Site permit P\u00c9CS 11797-8\/2014: Waste management licence P\u00c9CS 4756-10\/2011: Hazardous and non-hazardous waste management licence P\u00c9CS 14\/5459-16\/2014: National hazardous and non-hazardous waste transportation licence &hellip; <a href=\"https:\/\/s-metal.hu\/en\/licences-permits\/\">Continued<\/a><\/p>\n","protected":false},"author":4,"featured_media":0,"parent":0,"menu_order":25,"comment_status":"closed","ping_status":"open","template":"","meta":{"_acf_changed":false,"footnotes":""},"class_list":["post-1183","page","type-page","status-publish","hentry"],"acf":[],"yoast_head":"<!-- This site is optimized with the Yoast SEO plugin v23.9 - https:\/\/yoast.com\/wordpress\/plugins\/seo\/ -->\n<title>Licences and permits | Steelmetal<\/title>\n<meta name=\"description\" content=\"Ac\u00e9l-, sz\u00ednesf\u00e9m- \u00e9s egy\u00e9b hullad\u00e9kok \u00e1tv\u00e9tele \u00e9s elad\u00e1sa, hullad\u00e9kgazd\u00e1lkod\u00e1ssal kapcsolatos szolg\u00e1ltat\u00e1sok P\u00e9csett, Vill\u00e1nyban \u00e9s Moh\u00e1cson - STEEL-MET\u00c1L Kft.\" \/>\n<meta name=\"robots\" content=\"index, follow, max-snippet:-1, max-image-preview:large, max-video-preview:-1\" \/>\n<link rel=\"canonical\" href=\"https:\/\/s-metal.hu\/en\/licences-permits\/\" \/>\n<meta property=\"og:locale\" content=\"en_US\" \/>\n<meta property=\"og:type\" content=\"article\" \/>\n<meta property=\"og:title\" content=\"Licences and permits | Steelmetal\" \/>\n<meta property=\"og:description\" content=\"Ac\u00e9l-, sz\u00ednesf\u00e9m- \u00e9s egy\u00e9b hullad\u00e9kok \u00e1tv\u00e9tele \u00e9s elad\u00e1sa, hullad\u00e9kgazd\u00e1lkod\u00e1ssal kapcsolatos szolg\u00e1ltat\u00e1sok P\u00e9csett, Vill\u00e1nyban \u00e9s Moh\u00e1cson - STEEL-MET\u00c1L Kft.\" \/>\n<meta property=\"og:url\" content=\"https:\/\/s-metal.hu\/en\/licences-permits\/\" \/>\n<meta property=\"og:site_name\" content=\"Steelmetal\" \/>\n<meta property=\"article:publisher\" content=\"https:\/\/www.facebook.com\/pages\/Steel-Metal-Kft\/1485600905020255\" \/>\n<meta property=\"article:modified_time\" content=\"2015-06-24T08:23:27+00:00\" \/>\n<meta property=\"og:image\" content=\"https:\/\/s-metal.hu\/app\/uploads\/2015\/02\/og-img.jpg\" \/>\n\t<meta property=\"og:image:width\" content=\"470\" \/>\n\t<meta property=\"og:image:height\" content=\"245\" \/>\n\t<meta property=\"og:image:type\" content=\"image\/jpeg\" \/>\n<meta name=\"twitter:label1\" content=\"Est. reading time\" \/>\n\t<meta name=\"twitter:data1\" content=\"1 minute\" \/>\n<script type=\"application\/ld+json\" class=\"yoast-schema-graph\">{\"@context\":\"https:\/\/schema.org\",\"@graph\":[{\"@type\":\"WebPage\",\"@id\":\"https:\/\/s-metal.hu\/en\/licences-permits\/\",\"url\":\"https:\/\/s-metal.hu\/en\/licences-permits\/\",\"name\":\"Licences and permits | Steelmetal\",\"isPartOf\":{\"@id\":\"https:\/\/s-metal.hu\/en\/#website\"},\"datePublished\":\"2015-02-16T13:34:20+00:00\",\"dateModified\":\"2015-06-24T08:23:27+00:00\",\"description\":\"Ac\u00e9l-, sz\u00ednesf\u00e9m- \u00e9s egy\u00e9b hullad\u00e9kok \u00e1tv\u00e9tele \u00e9s elad\u00e1sa, hullad\u00e9kgazd\u00e1lkod\u00e1ssal kapcsolatos szolg\u00e1ltat\u00e1sok P\u00e9csett, Vill\u00e1nyban \u00e9s Moh\u00e1cson - STEEL-MET\u00c1L Kft.\",\"breadcrumb\":{\"@id\":\"https:\/\/s-metal.hu\/en\/licences-permits\/#breadcrumb\"},\"inLanguage\":\"en-US\",\"potentialAction\":[{\"@type\":\"ReadAction\",\"target\":[\"https:\/\/s-metal.hu\/en\/licences-permits\/\"]}]},{\"@type\":\"BreadcrumbList\",\"@id\":\"https:\/\/s-metal.hu\/en\/licences-permits\/#breadcrumb\",\"itemListElement\":[{\"@type\":\"ListItem\",\"position\":1,\"name\":\"1\",\"item\":\"https:\/\/s-metal.hu\/en\/\"},{\"@type\":\"ListItem\",\"position\":2,\"name\":\"Licences and permits\"}]},{\"@type\":\"WebSite\",\"@id\":\"https:\/\/s-metal.hu\/en\/#website\",\"url\":\"https:\/\/s-metal.hu\/en\/\",\"name\":\"Steelmetal\",\"description\":\"\",\"potentialAction\":[{\"@type\":\"SearchAction\",\"target\":{\"@type\":\"EntryPoint\",\"urlTemplate\":\"https:\/\/s-metal.hu\/en\/?s={search_term_string}\"},\"query-input\":{\"@type\":\"PropertyValueSpecification\",\"valueRequired\":true,\"valueName\":\"search_term_string\"}}],\"inLanguage\":\"en-US\"}]}<\/script>\n<!-- \/ Yoast SEO plugin. -->","yoast_head_json":{"title":"Licences and permits | Steelmetal","description":"Ac\u00e9l-, sz\u00ednesf\u00e9m- \u00e9s egy\u00e9b hullad\u00e9kok \u00e1tv\u00e9tele \u00e9s elad\u00e1sa, hullad\u00e9kgazd\u00e1lkod\u00e1ssal kapcsolatos szolg\u00e1ltat\u00e1sok P\u00e9csett, Vill\u00e1nyban \u00e9s Moh\u00e1cson - STEEL-MET\u00c1L Kft.","robots":{"index":"index","follow":"follow","max-snippet":"max-snippet:-1","max-image-preview":"max-image-preview:large","max-video-preview":"max-video-preview:-1"},"canonical":"https:\/\/s-metal.hu\/en\/licences-permits\/","og_locale":"en_US","og_type":"article","og_title":"Licences and permits | Steelmetal","og_description":"Ac\u00e9l-, sz\u00ednesf\u00e9m- \u00e9s egy\u00e9b hullad\u00e9kok \u00e1tv\u00e9tele \u00e9s elad\u00e1sa, hullad\u00e9kgazd\u00e1lkod\u00e1ssal kapcsolatos szolg\u00e1ltat\u00e1sok P\u00e9csett, Vill\u00e1nyban \u00e9s Moh\u00e1cson - STEEL-MET\u00c1L Kft.","og_url":"https:\/\/s-metal.hu\/en\/licences-permits\/","og_site_name":"Steelmetal","article_publisher":"https:\/\/www.facebook.com\/pages\/Steel-Metal-Kft\/1485600905020255","article_modified_time":"2015-06-24T08:23:27+00:00","og_image":[{"width":470,"height":245,"url":"https:\/\/s-metal.hu\/app\/uploads\/2015\/02\/og-img.jpg","type":"image\/jpeg"}],"twitter_misc":{"Est. reading time":"1 minute"},"schema":{"@context":"https:\/\/schema.org","@graph":[{"@type":"WebPage","@id":"https:\/\/s-metal.hu\/en\/licences-permits\/","url":"https:\/\/s-metal.hu\/en\/licences-permits\/","name":"Licences and permits | Steelmetal","isPartOf":{"@id":"https:\/\/s-metal.hu\/en\/#website"},"datePublished":"2015-02-16T13:34:20+00:00","dateModified":"2015-06-24T08:23:27+00:00","description":"Ac\u00e9l-, sz\u00ednesf\u00e9m- \u00e9s egy\u00e9b hullad\u00e9kok \u00e1tv\u00e9tele \u00e9s elad\u00e1sa, hullad\u00e9kgazd\u00e1lkod\u00e1ssal kapcsolatos szolg\u00e1ltat\u00e1sok P\u00e9csett, Vill\u00e1nyban \u00e9s Moh\u00e1cson - STEEL-MET\u00c1L Kft.","breadcrumb":{"@id":"https:\/\/s-metal.hu\/en\/licences-permits\/#breadcrumb"},"inLanguage":"en-US","potentialAction":[{"@type":"ReadAction","target":["https:\/\/s-metal.hu\/en\/licences-permits\/"]}]},{"@type":"BreadcrumbList","@id":"https:\/\/s-metal.hu\/en\/licences-permits\/#breadcrumb","itemListElement":[{"@type":"ListItem","position":1,"name":"1","item":"https:\/\/s-metal.hu\/en\/"},{"@type":"ListItem","position":2,"name":"Licences and permits"}]},{"@type":"WebSite","@id":"https:\/\/s-metal.hu\/en\/#website","url":"https:\/\/s-metal.hu\/en\/","name":"Steelmetal","description":"","potentialAction":[{"@type":"SearchAction","target":{"@type":"EntryPoint","urlTemplate":"https:\/\/s-metal.hu\/en\/?s={search_term_string}"},"query-input":{"@type":"PropertyValueSpecification","valueRequired":true,"valueName":"search_term_string"}}],"inLanguage":"en-US"}]}},"_links":{"self":[{"href":"https:\/\/s-metal.hu\/en\/wp-json\/wp\/v2\/pages\/1183","targetHints":{"allow":["GET"]}}],"collection":[{"href":"https:\/\/s-metal.hu\/en\/wp-json\/wp\/v2\/pages"}],"about":[{"href":"https:\/\/s-metal.hu\/en\/wp-json\/wp\/v2\/types\/page"}],"author":[{"embeddable":true,"href":"https:\/\/s-metal.hu\/en\/wp-json\/wp\/v2\/users\/4"}],"replies":[{"embeddable":true,"href":"https:\/\/s-metal.hu\/en\/wp-json\/wp\/v2\/comments?post=1183"}],"version-history":[{"count":1,"href":"https:\/\/s-metal.hu\/en\/wp-json\/wp\/v2\/pages\/1183\/revisions"}],"predecessor-version":[{"id":1184,"href":"https:\/\/s-metal.hu\/en\/wp-json\/wp\/v2\/pages\/1183\/revisions\/1184"}],"wp:attachment":[{"href":"https:\/\/s-metal.hu\/en\/wp-json\/wp\/v2\/media?parent=1183"}],"curies":[{"name":"wp","href":"https:\/\/api.w.org\/{rel}","templated":true}]}}