{"id":1187,"date":"2015-02-02T09:04:46","date_gmt":"2015-02-02T08:04:46","guid":{"rendered":"https:\/\/s-metal.hu\/?page_id=1187"},"modified":"2015-06-24T09:39:56","modified_gmt":"2015-06-24T08:39:56","slug":"wholesale-pricelists","status":"publish","type":"page","link":"https:\/\/s-metal.hu\/en\/wholesale-pricelists\/","title":{"rendered":"Wholesale pricelists"},"content":{"rendered":"<p>Upon request, we provide complex waste management services for companies and enterprises.<\/p>\n<p>Our company owns hundreds of 0.5 &#8211; 40 m3 containers that we can install if requested, and the waste disposed in these containers will be transported by our vehicles.<\/p>\n<p>The terms of this service are based on an individual quotation that we prepare following the client\u2019s request, in accordance with the needs assessment.<\/p>\n<p>Please find in the <a href=\"https:\/\/s-metal.hu\/kapcsolat\/\" target=\"_blank\">Contact menu<\/a> the plant most appropriate for your location and contact our colleague in charge.<\/p>\n<p style=\"text-align: center;\">Please request a quote!<\/p>\n","protected":false},"excerpt":{"rendered":"<p>Upon request, we provide complex waste management services for companies and enterprises. Our company owns hundreds of 0.5 &#8211; 40 m3 containers that we can install if requested, and the waste disposed in these containers will be transported by our vehicles. The terms of this service are based on an individual quotation that we prepare &hellip; <a href=\"https:\/\/s-metal.hu\/en\/wholesale-pricelists\/\">Continued<\/a><\/p>\n","protected":false},"author":4,"featured_media":0,"parent":0,"menu_order":35,"comment_status":"closed","ping_status":"open","template":"","meta":{"_acf_changed":false,"footnotes":""},"class_list":["post-1187","page","type-page","status-publish","hentry"],"acf":[],"yoast_head":"<!-- This site is optimized with the Yoast SEO plugin v23.9 - https:\/\/yoast.com\/wordpress\/plugins\/seo\/ -->\n<title>Wholesale pricelists | Steelmetal<\/title>\n<meta name=\"description\" content=\"Ac\u00e9l-, sz\u00ednesf\u00e9m- \u00e9s egy\u00e9b hullad\u00e9kok \u00e1tv\u00e9tele \u00e9s elad\u00e1sa, hullad\u00e9kgazd\u00e1lkod\u00e1ssal kapcsolatos szolg\u00e1ltat\u00e1sok P\u00e9csett, Vill\u00e1nyban \u00e9s Moh\u00e1cson - STEEL-MET\u00c1L Kft.\" \/>\n<meta name=\"robots\" content=\"index, follow, max-snippet:-1, max-image-preview:large, max-video-preview:-1\" \/>\n<link rel=\"canonical\" href=\"https:\/\/s-metal.hu\/en\/wholesale-pricelists\/\" \/>\n<meta property=\"og:locale\" content=\"en_US\" \/>\n<meta property=\"og:type\" content=\"article\" \/>\n<meta property=\"og:title\" content=\"Wholesale pricelists | Steelmetal\" \/>\n<meta property=\"og:description\" content=\"Ac\u00e9l-, sz\u00ednesf\u00e9m- \u00e9s egy\u00e9b hullad\u00e9kok \u00e1tv\u00e9tele \u00e9s elad\u00e1sa, hullad\u00e9kgazd\u00e1lkod\u00e1ssal kapcsolatos szolg\u00e1ltat\u00e1sok P\u00e9csett, Vill\u00e1nyban \u00e9s Moh\u00e1cson - STEEL-MET\u00c1L Kft.\" \/>\n<meta property=\"og:url\" content=\"https:\/\/s-metal.hu\/en\/wholesale-pricelists\/\" \/>\n<meta property=\"og:site_name\" content=\"Steelmetal\" \/>\n<meta property=\"article:publisher\" content=\"https:\/\/www.facebook.com\/pages\/Steel-Metal-Kft\/1485600905020255\" \/>\n<meta property=\"article:modified_time\" content=\"2015-06-24T08:39:56+00:00\" \/>\n<meta property=\"og:image\" content=\"https:\/\/s-metal.hu\/app\/uploads\/2015\/02\/og-img.jpg\" \/>\n\t<meta property=\"og:image:width\" content=\"470\" \/>\n\t<meta property=\"og:image:height\" content=\"245\" \/>\n\t<meta property=\"og:image:type\" content=\"image\/jpeg\" \/>\n<script type=\"application\/ld+json\" class=\"yoast-schema-graph\">{\"@context\":\"https:\/\/schema.org\",\"@graph\":[{\"@type\":\"WebPage\",\"@id\":\"https:\/\/s-metal.hu\/en\/wholesale-pricelists\/\",\"url\":\"https:\/\/s-metal.hu\/en\/wholesale-pricelists\/\",\"name\":\"Wholesale pricelists | Steelmetal\",\"isPartOf\":{\"@id\":\"https:\/\/s-metal.hu\/en\/#website\"},\"datePublished\":\"2015-02-02T08:04:46+00:00\",\"dateModified\":\"2015-06-24T08:39:56+00:00\",\"description\":\"Ac\u00e9l-, sz\u00ednesf\u00e9m- \u00e9s egy\u00e9b hullad\u00e9kok \u00e1tv\u00e9tele \u00e9s elad\u00e1sa, hullad\u00e9kgazd\u00e1lkod\u00e1ssal kapcsolatos szolg\u00e1ltat\u00e1sok P\u00e9csett, Vill\u00e1nyban \u00e9s Moh\u00e1cson - STEEL-MET\u00c1L Kft.\",\"breadcrumb\":{\"@id\":\"https:\/\/s-metal.hu\/en\/wholesale-pricelists\/#breadcrumb\"},\"inLanguage\":\"en-US\",\"potentialAction\":[{\"@type\":\"ReadAction\",\"target\":[\"https:\/\/s-metal.hu\/en\/wholesale-pricelists\/\"]}]},{\"@type\":\"BreadcrumbList\",\"@id\":\"https:\/\/s-metal.hu\/en\/wholesale-pricelists\/#breadcrumb\",\"itemListElement\":[{\"@type\":\"ListItem\",\"position\":1,\"name\":\"1\",\"item\":\"https:\/\/s-metal.hu\/en\/\"},{\"@type\":\"ListItem\",\"position\":2,\"name\":\"Wholesale pricelists\"}]},{\"@type\":\"WebSite\",\"@id\":\"https:\/\/s-metal.hu\/en\/#website\",\"url\":\"https:\/\/s-metal.hu\/en\/\",\"name\":\"Steelmetal\",\"description\":\"\",\"potentialAction\":[{\"@type\":\"SearchAction\",\"target\":{\"@type\":\"EntryPoint\",\"urlTemplate\":\"https:\/\/s-metal.hu\/en\/?s={search_term_string}\"},\"query-input\":{\"@type\":\"PropertyValueSpecification\",\"valueRequired\":true,\"valueName\":\"search_term_string\"}}],\"inLanguage\":\"en-US\"}]}<\/script>\n<!-- \/ Yoast SEO plugin. -->","yoast_head_json":{"title":"Wholesale pricelists | Steelmetal","description":"Ac\u00e9l-, sz\u00ednesf\u00e9m- \u00e9s egy\u00e9b hullad\u00e9kok \u00e1tv\u00e9tele \u00e9s elad\u00e1sa, hullad\u00e9kgazd\u00e1lkod\u00e1ssal kapcsolatos szolg\u00e1ltat\u00e1sok P\u00e9csett, Vill\u00e1nyban \u00e9s Moh\u00e1cson - STEEL-MET\u00c1L Kft.","robots":{"index":"index","follow":"follow","max-snippet":"max-snippet:-1","max-image-preview":"max-image-preview:large","max-video-preview":"max-video-preview:-1"},"canonical":"https:\/\/s-metal.hu\/en\/wholesale-pricelists\/","og_locale":"en_US","og_type":"article","og_title":"Wholesale pricelists | Steelmetal","og_description":"Ac\u00e9l-, sz\u00ednesf\u00e9m- \u00e9s egy\u00e9b hullad\u00e9kok \u00e1tv\u00e9tele \u00e9s elad\u00e1sa, hullad\u00e9kgazd\u00e1lkod\u00e1ssal kapcsolatos szolg\u00e1ltat\u00e1sok P\u00e9csett, Vill\u00e1nyban \u00e9s Moh\u00e1cson - STEEL-MET\u00c1L Kft.","og_url":"https:\/\/s-metal.hu\/en\/wholesale-pricelists\/","og_site_name":"Steelmetal","article_publisher":"https:\/\/www.facebook.com\/pages\/Steel-Metal-Kft\/1485600905020255","article_modified_time":"2015-06-24T08:39:56+00:00","og_image":[{"width":470,"height":245,"url":"https:\/\/s-metal.hu\/app\/uploads\/2015\/02\/og-img.jpg","type":"image\/jpeg"}],"schema":{"@context":"https:\/\/schema.org","@graph":[{"@type":"WebPage","@id":"https:\/\/s-metal.hu\/en\/wholesale-pricelists\/","url":"https:\/\/s-metal.hu\/en\/wholesale-pricelists\/","name":"Wholesale pricelists | Steelmetal","isPartOf":{"@id":"https:\/\/s-metal.hu\/en\/#website"},"datePublished":"2015-02-02T08:04:46+00:00","dateModified":"2015-06-24T08:39:56+00:00","description":"Ac\u00e9l-, sz\u00ednesf\u00e9m- \u00e9s egy\u00e9b hullad\u00e9kok \u00e1tv\u00e9tele \u00e9s elad\u00e1sa, hullad\u00e9kgazd\u00e1lkod\u00e1ssal kapcsolatos szolg\u00e1ltat\u00e1sok P\u00e9csett, Vill\u00e1nyban \u00e9s Moh\u00e1cson - STEEL-MET\u00c1L Kft.","breadcrumb":{"@id":"https:\/\/s-metal.hu\/en\/wholesale-pricelists\/#breadcrumb"},"inLanguage":"en-US","potentialAction":[{"@type":"ReadAction","target":["https:\/\/s-metal.hu\/en\/wholesale-pricelists\/"]}]},{"@type":"BreadcrumbList","@id":"https:\/\/s-metal.hu\/en\/wholesale-pricelists\/#breadcrumb","itemListElement":[{"@type":"ListItem","position":1,"name":"1","item":"https:\/\/s-metal.hu\/en\/"},{"@type":"ListItem","position":2,"name":"Wholesale pricelists"}]},{"@type":"WebSite","@id":"https:\/\/s-metal.hu\/en\/#website","url":"https:\/\/s-metal.hu\/en\/","name":"Steelmetal","description":"","potentialAction":[{"@type":"SearchAction","target":{"@type":"EntryPoint","urlTemplate":"https:\/\/s-metal.hu\/en\/?s={search_term_string}"},"query-input":{"@type":"PropertyValueSpecification","valueRequired":true,"valueName":"search_term_string"}}],"inLanguage":"en-US"}]}},"_links":{"self":[{"href":"https:\/\/s-metal.hu\/en\/wp-json\/wp\/v2\/pages\/1187","targetHints":{"allow":["GET"]}}],"collection":[{"href":"https:\/\/s-metal.hu\/en\/wp-json\/wp\/v2\/pages"}],"about":[{"href":"https:\/\/s-metal.hu\/en\/wp-json\/wp\/v2\/types\/page"}],"author":[{"embeddable":true,"href":"https:\/\/s-metal.hu\/en\/wp-json\/wp\/v2\/users\/4"}],"replies":[{"embeddable":true,"href":"https:\/\/s-metal.hu\/en\/wp-json\/wp\/v2\/comments?post=1187"}],"version-history":[{"count":1,"href":"https:\/\/s-metal.hu\/en\/wp-json\/wp\/v2\/pages\/1187\/revisions"}],"predecessor-version":[{"id":1188,"href":"https:\/\/s-metal.hu\/en\/wp-json\/wp\/v2\/pages\/1187\/revisions\/1188"}],"wp:attachment":[{"href":"https:\/\/s-metal.hu\/en\/wp-json\/wp\/v2\/media?parent=1187"}],"curies":[{"name":"wp","href":"https:\/\/api.w.org\/{rel}","templated":true}]}}