{"id":3920,"date":"2018-06-19T14:11:11","date_gmt":"2018-06-19T13:11:11","guid":{"rendered":"https:\/\/s-metal.hu\/en\/cookie-tajekoztato\/"},"modified":"2021-05-03T12:12:12","modified_gmt":"2021-05-03T11:12:12","slug":"cookie-policy","status":"publish","type":"page","link":"https:\/\/s-metal.hu\/en\/cookie-policy\/","title":{"rendered":"Cookie policy"},"content":{"rendered":"<h1><b>A WEBOLDALUNKN\u00c1L HASZN\u00c1LT COOKIE T\u00cdPUSOK SZERINTI BEMUTAT\u00c1SA<\/b><\/h1>\n<p><b>FELT\u00c9TLEN\u00dcL SZ\u00dcKS\u00c9GES COOKIE-K:<\/b><\/p>\n<p><span style=\"font-weight: 400;\">A sz\u00fcks\u00e9ges cookie-k a rendszer m\u0171k\u00f6d\u00e9s\u00e9hez felt\u00e9tlen\u00fcl sz\u00fcks\u00e9gesek, azok n\u00e9lk\u00fcl a honlap nem haszn\u00e1lhat\u00f3 rendeltet\u00e9sszer\u0171en, a\u00a0<b>STEEL-MET\u00c1L Kft.<\/b>\u00a0jogos \u00e9rdek\u00e9nek \u00e9rv\u00e9nyes\u00edt\u00e9s\u00e9hez sz\u00fcks\u00e9ges a cookie-k haszn\u00e1lata. Ezek a cookie-k a felhaszn\u00e1l\u00f3 hozz\u00e1j\u00e1rul\u00e1sa n\u00e9lk\u00fcl haszn\u00e1lhat\u00f3k \u00e9s nem kapcsolhat\u00f3k ki. Jogalap: GDPR 6.cikk (1) bekezd\u00e9s b) pont.<\/span><\/p>\n<p><span style=\"font-weight: 400;\">Weboldalunk az al\u00e1bbi felt\u00e9tlen\u00fcl sz\u00fcks\u00e9ges cookie-kat haszn\u00e1lja:<\/span><\/p>\n<div class=\"table-responsive\">\n<p>&nbsp;<\/p>\n<table style=\"font-size: 12px;\">\n<tbody>\n<tr>\n<td><b>Cookie\u00a0<\/b><b>neve<\/b><\/td>\n<td><b>Cookie\u00a0<\/b><b>t\u00edpusa<\/b><\/td>\n<td><b>Cookie\u00a0<\/b><b>azonos\u00edt\u00f3ja<\/b><\/td>\n<td><b>Cookie\u00a0<\/b><b>szolg\u00e1ltat\u00f3<\/b><\/td>\n<td><b>Cookie\u00a0<\/b><b>\u00e1ltal kezelt adatok<\/b><\/td>\n<td><b>Cookie\u00a0<\/b><b>c\u00e9lja<\/b><\/td>\n<td><b>Cookie\u00a0<\/b><b>\u00e9lettartama<\/b><\/td>\n<\/tr>\n<tr>\n<td><span style=\"font-weight: 400;\">WP function<\/span><\/td>\n<td><span style=\"font-weight: 400;\">Felt\u00e9tlen\u00fcl sz\u00fcks\u00e9ges s\u00fctik<\/span><\/td>\n<td><span style=\"font-weight: 400;\">wp-settings-{X}<\/span><\/td>\n<td><span style=\"font-weight: 400;\">WordPress<\/span><\/td>\n<td><span style=\"font-weight: 400;\">A funkci\u00f3k haszn\u00e1lat\u00e1hoz sz\u00fcks\u00e9ges.<\/span><\/td>\n<td><span style=\"font-weight: 400;\">Helyes m\u0171k\u00f6d\u00e9s.<\/span><\/td>\n<td><span style=\"font-weight: 400;\">1 \u00e9v<\/span><\/td>\n<\/tr>\n<tr>\n<td><span style=\"font-weight: 400;\">WP function<\/span><\/td>\n<td><span style=\"font-weight: 400;\">Felt\u00e9tlen\u00fcl sz\u00fcks\u00e9ges s\u00fctik<\/span><\/td>\n<td><span style=\"font-weight: 400;\">wp-settings-time-{X}<\/span><\/td>\n<td><span style=\"font-weight: 400;\">WordPress<\/span><\/td>\n<td><span style=\"font-weight: 400;\">A funkci\u00f3k haszn\u00e1lat\u00e1hoz sz\u00fcks\u00e9ges.<\/span><\/td>\n<td><span style=\"font-weight: 400;\">Helyes m\u0171k\u00f6d\u00e9s.<\/span><\/td>\n<td><span style=\"font-weight: 400;\">1 \u00e9v<\/span><\/td>\n<\/tr>\n<tr>\n<td><span style=\"font-weight: 400;\">WP function<\/span><\/td>\n<td><span style=\"font-weight: 400;\">Felt\u00e9tlen\u00fcl sz\u00fcks\u00e9ges s\u00fctik<\/span><\/td>\n<td><span style=\"font-weight: 400;\">wordpress_test_cookie<\/span><\/td>\n<td><span style=\"font-weight: 400;\">WordPress<\/span><\/td>\n<td><span style=\"font-weight: 400;\">A funkci\u00f3k haszn\u00e1lat\u00e1hoz sz\u00fcks\u00e9ges.<\/span><\/td>\n<td><span style=\"font-weight: 400;\">Helyes m\u0171k\u00f6d\u00e9s.<\/span><\/td>\n<td><span style=\"font-weight: 400;\">1 \u00e9v<\/span><\/td>\n<\/tr>\n<tr>\n<td><span style=\"font-weight: 400;\">WP GDPR<\/span><\/td>\n<td><span style=\"font-weight: 400;\">Felt\u00e9tlen\u00fcl sz\u00fcks\u00e9ges s\u00fctik<\/span><\/td>\n<td><span style=\"font-weight: 400;\">gdpr[allowed_cookies]<\/span><\/td>\n<td><span style=\"font-weight: 400;\">WordPress<\/span><\/td>\n<td><span style=\"font-weight: 400;\">Elfogad\u00e1s t\u00e9nye.<\/span><\/td>\n<td><span data-sheets-value=\"{&quot;1&quot;:2,&quot;2&quot;:&quot;T\u00e1rolja azokat a cookie-kat, amelyeket a felhaszn\u00e1l\u00f3 enged\u00e9lyezett.&quot;}\" data-sheets-userformat=\"{&quot;2&quot;:8403459,&quot;3&quot;:[null,0],&quot;4&quot;:[null,2,16777215],&quot;12&quot;:0,&quot;14&quot;:[null,2,4473924],&quot;15&quot;:&quot;\\&quot;Open Sans\\&quot;, helvetica, arial, sans-serif&quot;,&quot;16&quot;:12,&quot;26&quot;:400}\">T\u00e1rolja azokat a cookie-kat, amelyeket a felhaszn\u00e1l\u00f3 enged\u00e9lyezett.<\/span><\/td>\n<td><span style=\"font-weight: 400;\">1 \u00e9v<\/span><\/td>\n<\/tr>\n<tr>\n<td><span style=\"font-weight: 400;\">WP GDPR<\/span><\/td>\n<td><span style=\"font-weight: 400;\">Felt\u00e9tlen\u00fcl sz\u00fcks\u00e9ges s\u00fctik<\/span><\/td>\n<td><span style=\"font-weight: 400;\">gdpr[consent_types]<\/span><\/td>\n<td><span style=\"font-weight: 400;\">WordPress<\/span><\/td>\n<td><span style=\"font-weight: 400;\">Elfogad\u00e1s t\u00e9nye.<\/span><\/td>\n<td><span style=\"font-weight: 400;\">Ez a s\u00fcti t\u00e1rolja, hogy mely t\u00e1j\u00e9koztat\u00e1sokat fogadta el a felhaszn\u00e1l\u00f3.<\/span><\/td>\n<td><span style=\"font-weight: 400;\">1 \u00e9v<\/span><\/td>\n<\/tr>\n<tr>\n<td><span style=\"font-weight: 400;\">WPML<\/span><\/td>\n<td><span style=\"font-weight: 400;\">Felt\u00e9tlen\u00fcl sz\u00fcks\u00e9ges s\u00fctik<\/span><\/td>\n<td><span style=\"font-weight: 400;\">_icl_current_language<\/span><\/td>\n<td><span style=\"font-weight: 400;\">WordPress<\/span><\/td>\n<td><span style=\"font-weight: 400;\">Nyelvi be\u00e1ll\u00edt\u00e1sok<\/span><\/td>\n<td><span style=\"font-weight: 400;\">Helyes m\u0171k\u00f6d\u00e9s.<\/span><\/td>\n<td><span style=\"font-weight: 400;\">1 nap<\/span><\/td>\n<\/tr>\n<tr>\n<td><span style=\"font-weight: 400;\">WPML<\/span><\/td>\n<td><span style=\"font-weight: 400;\">Felt\u00e9tlen\u00fcl sz\u00fcks\u00e9ges s\u00fctik<\/span><\/td>\n<td><span style=\"font-weight: 400;\">wpml_referer_url<\/span><\/td>\n<td><span style=\"font-weight: 400;\">WordPress<\/span><\/td>\n<td><span style=\"font-weight: 400;\">Kor\u00e1bban megtekintett oldal url<\/span><\/td>\n<td><span style=\"font-weight: 400;\">Helyes m\u0171k\u00f6d\u00e9s.<\/span><\/td>\n<td><span style=\"font-weight: 400;\">1 nap<\/span><\/td>\n<\/tr>\n<tr>\n<td><span style=\"font-weight: 400;\">WP GDPR<\/span><\/td>\n<td><span style=\"font-weight: 400;\">Felt\u00e9tlen\u00fcl sz\u00fcks\u00e9ges s\u00fctik<\/span><\/td>\n<td><span style=\"font-weight: 400;\">gdpr[privacy_bar]<\/span><\/td>\n<td><span style=\"font-weight: 400;\">WordPress<\/span><\/td>\n<td><span style=\"font-weight: 400;\">Elfogad\u00e1s t\u00e9nye.<\/span><\/td>\n<td><span style=\"font-weight: 400;\">S\u00fctik elfogad\u00e1s\u00e1nak betart\u00e1sa.<\/span><\/td>\n<td><span style=\"font-weight: 400;\">1 \u00e9v<\/span><\/td>\n<\/tr>\n<\/tbody>\n<\/table>\n<\/div>\n<p>&nbsp;<\/p>\n<p><b>FUNKCI\u00d3 \u00c9S TELJES\u00cdTM\u00c9NY COOKIE-K<\/b><\/p>\n<p><span style=\"font-weight: 400;\">A funkci\u00f3 \u00e9s teljes\u00edtm\u00e9ny cookie-k nem felt\u00e9tlen\u00fcl sz\u00fcks\u00e9gesek a honlap haszn\u00e1lat\u00e1hoz, azonban ezek haszn\u00e1lat\u00e1val jobb felhaszn\u00e1l\u00f3i \u00e9lm\u00e9nyt tudunk ny\u00fajtani. Ezek a cookie-k \u00e1ltal\u00e1ban be\u00e1ll\u00edt\u00e1sokat, \u00e9s k\u00e9nyelmi funkci\u00f3kat biztos\u00edtanak a honlap szem\u00e9lyre szabottabb m\u0171k\u00f6d\u00e9s\u00e9hez (p\u00e9ld\u00e1ul a kiv\u00e1lasztott nyelv, vagy a megl\u00e1togatott oldal-t\u00edpus). A Funkcion\u00e1lis cookie-k haszn\u00e1lat\u00e1ra kiz\u00e1r\u00f3lag az \u00d6n hozz\u00e1j\u00e1rul\u00e1sa eset\u00e9n ker\u00fcl sor \u00e9s a hozz\u00e1j\u00e1rul\u00e1s\u00e1t az Adatv\u00e9delmi K\u00f6zpontban b\u00e1rmikor visszavonhatja a funcion\u00e1lis cookie-k kikapcsol\u00e1s\u00e1val. Ezek a s\u00fctik nem t\u00e1rolnak szem\u00e9lyes adatokat.<\/span><\/p>\n<p>Egyes teljes\u00edtm\u00e9ny cookie-k eset\u00e9ben \u00fan. harmadik f\u00e9lt\u0151l sz\u00e1rmaznak, ez\u00e9rt b\u0151vebb inform\u00e1ci\u00f3t ezeknek a cookie-knak a m\u0171k\u00f6d\u00e9s\u00e9r\u0151l a harmadik f\u00e9l szolg\u00e1ltat\u00f3 adatkezel\u00e9si t\u00e1j\u00e9koztat\u00f3j\u00e1t\u00f3l kaphat. (az ehhez kapcsol\u00f3d\u00f3 linkeket, t\u00e1bl\u00e1zatunk tartalmazza)<\/p>\n<p><span style=\"font-weight: 400;\">Jogalap: GDPR 6. cikk (1) bekezd\u00e9s f) pont.<\/span><\/p>\n<p><span style=\"font-weight: 400;\">Weboldalunk az al\u00e1bbi funkci\u00f3 \u00e9s teljes\u00edtm\u00e9ny cookie-kat haszn\u00e1lja:<\/span><\/p>\n<div class=\"table-responsive\">\n<table style=\"font-size: 12px; width: 673px;\">\n<tbody>\n<tr style=\"height: 57px;\">\n<td style=\"width: 71px; height: 57px;\"><b>Cookie neve<\/b><\/td>\n<td style=\"width: 62px; height: 57px;\"><b>Cookie t\u00edpusa<\/b><\/td>\n<td style=\"width: 67px; height: 57px;\"><b>Cookie<\/b><\/p>\n<p><b>azonos\u00edt\u00f3ja<\/b><\/td>\n<td style=\"width: 81px; height: 57px;\"><b>Cookie szolg\u00e1ltat\u00f3<\/b><\/td>\n<td style=\"width: 881.765625px; height: 57px;\"><b>Cookie<\/b><span style=\"font-weight: 400;\"><br \/>\n<\/span><b>\u00e1ltal kezelt adatok<\/b><\/td>\n<td style=\"width: 10px; height: 57px;\"><b>Cookie<\/b><span style=\"font-weight: 400;\"><br \/>\n<\/span><b>c\u00e9lja<\/b><\/td>\n<td style=\"width: 123px; height: 57px;\"><b>Cookie<\/b><span style=\"font-weight: 400;\"><br \/>\n<\/span><b>\u00e9lettartama<\/b><\/td>\n<\/tr>\n<tr style=\"height: 35px;\">\n<td style=\"width: 71px; height: 35px;\"><span style=\"font-weight: 400;\">Google Analytics<\/span><\/td>\n<td style=\"width: 62px; height: 35px;\"><span style=\"font-weight: 400;\">Funkci\u00f3 \u00e9s teljes\u00edtm\u00e9ny s\u00fcti<\/span><\/td>\n<td style=\"width: 67px; height: 35px;\"><span style=\"font-weight: 400;\">_ga<\/span><\/td>\n<td style=\"width: 81px; height: 35px;\"><span style=\"font-weight: 400;\">Google<\/span><\/td>\n<td style=\"width: 881.765625px; height: 35px;\"><span style=\"font-weight: 400;\">Url, oldal c\u00edme, b\u00f6ng\u00e9sz\u0151 neve, b\u00f6ng\u00e9sz\u0151ablak m\u00e9rete, k\u00e9perny\u0151 m\u00e9rete, java, flash verzi\u00f3, lok\u00e1ci\u00f3, nyelv<\/span><\/td>\n<td style=\"width: 10px; height: 35px;\"><span style=\"font-weight: 400;\">Anonim statisztika<\/span><\/td>\n<td style=\"width: 123px; height: 35px;\"><span style=\"font-weight: 400;\">2 \u00e9v<\/span><\/td>\n<\/tr>\n<tr style=\"height: 52px;\">\n<td style=\"width: 71px; height: 52px;\"><span style=\"font-weight: 400;\">Google Analytics<\/span><\/td>\n<td style=\"width: 62px; height: 52px;\"><span style=\"font-weight: 400;\">Funkci\u00f3 \u00e9s teljes\u00edtm\u00e9ny s\u00fcti<\/span><\/td>\n<td style=\"width: 67px; height: 52px;\"><span style=\"font-weight: 400;\">_gat<\/span><\/td>\n<td style=\"width: 81px; height: 52px;\"><span style=\"font-weight: 400;\">Google<\/span><\/td>\n<td style=\"width: 881.765625px; height: 52px;\"><span style=\"font-weight: 400;\">Url, oldal c\u00edme, b\u00f6ng\u00e9sz\u0151 neve, b\u00f6ng\u00e9sz\u0151ablak m\u00e9rete, k\u00e9perny\u0151 m\u00e9rete, java, flash verzi\u00f3, lok\u00e1ci\u00f3, nyelv<\/span><\/td>\n<td style=\"width: 10px; height: 52px;\"><span style=\"font-weight: 400;\">Anonim statisztika<\/span><\/td>\n<td style=\"width: 123px; height: 52px;\"><span style=\"font-weight: 400;\">B\u00f6ng\u00e9sz\u0151 bez\u00e1r\u00e1skor t\u00f6rl\u0151dik<\/span><\/td>\n<\/tr>\n<tr style=\"height: 35px;\">\n<td style=\"width: 71px; height: 35px;\"><span style=\"font-weight: 400;\">Google Analytics<\/span><\/td>\n<td style=\"width: 62px; height: 35px;\"><span style=\"font-weight: 400;\">Funkci\u00f3 \u00e9s teljes\u00edtm\u00e9ny s\u00fcti<\/span><\/td>\n<td style=\"width: 67px; height: 35px;\"><span style=\"font-weight: 400;\">_gid<\/span><\/td>\n<td style=\"width: 81px; height: 35px;\"><span style=\"font-weight: 400;\">Google<\/span><\/td>\n<td style=\"width: 881.765625px; height: 35px;\"><span style=\"font-weight: 400;\">Url, oldal c\u00edme, b\u00f6ng\u00e9sz\u0151 neve, b\u00f6ng\u00e9sz\u0151ablak m\u00e9rete, k\u00e9perny\u0151 m\u00e9rete, java, flash verzi\u00f3, lok\u00e1ci\u00f3, nyelv<\/span><\/td>\n<td style=\"width: 10px; height: 35px;\"><span style=\"font-weight: 400;\">Anonim statisztika<\/span><\/td>\n<td style=\"width: 123px; height: 35px;\"><span style=\"font-weight: 400;\">1 nap<\/span><\/td>\n<\/tr>\n<tr style=\"height: 35px;\">\n<td style=\"width: 71px; height: 35px;\"><span style=\"font-weight: 400;\">Crazyegg<\/span><\/td>\n<td style=\"width: 62px; height: 35px;\"><span style=\"font-weight: 400;\">Funkci\u00f3 \u00e9s teljes\u00edtm\u00e9ny s\u00fcti<\/span><\/td>\n<td style=\"width: 67px; height: 35px;\"><span data-sheets-value=\"{&quot;1&quot;:2,&quot;2&quot;:&quot;1P_JAR&quot;}\" data-sheets-userformat=\"{&quot;2&quot;:513,&quot;3&quot;:[null,0],&quot;12&quot;:0}\">_ceg.s, _ceg.u<\/span><\/td>\n<td style=\"width: 81px; height: 35px;\"><span style=\"font-weight: 400;\">Crazyegg<\/span><\/td>\n<td style=\"width: 881.765625px; height: 35px;\">Eg\u00e9rkattint\u00e1sok, g\u00f6rget\u00e9sek statisztik\u00e1i<\/td>\n<td style=\"width: 10px; height: 35px;\"><span style=\"font-weight: 400;\">Anonim elemz\u00e9s<\/span><\/td>\n<td style=\"width: 123px; height: 35px;\">3 h\u00f3nap<\/td>\n<\/tr>\n<\/tbody>\n<\/table>\n<\/div>\n<p>&nbsp;<\/p>\n<p><b>GOOGLE ANALYTICS<\/b><\/p>\n<p><span style=\"font-weight: 400;\">A honlap Google Analytics-et, a Google Inc. (\u201eGoogle\u201d) webes elemz\u0151 szolg\u00e1ltat\u00e1s\u00e1t haszn\u00e1lja. Ennek sor\u00e1n a Google Analytics a s\u00fcti egy meghat\u00e1rozott form\u00e1j\u00e1t haszn\u00e1lja, amelyet az \u00d6n sz\u00e1m\u00edt\u00f3g\u00e9pe t\u00e1rol, \u00e9s amely lehet\u0151v\u00e9 teszi a honlap \u00d6n \u00e1ltal t\u00f6rt\u00e9n\u0151 haszn\u00e1lat\u00e1nak elemz\u00e9s\u00e9t. A s\u00fcti \u00e1ltal a honlap \u00d6n \u00e1ltali haszn\u00e1lat\u00e1r\u00f3l l\u00e9trehozott inform\u00e1ci\u00f3t \u00e1ltal\u00e1ban egy, az Egyes\u00fclt \u00c1llamokban tal\u00e1lhat\u00f3 Google szerverre tov\u00e1bb\u00edtj\u00e1k, majd ott t\u00e1rolj\u00e1k.<\/span><\/p>\n<p><span style=\"font-weight: 400;\">A s\u00fctik t\u00e1rol\u00e1s\u00e1t megakad\u00e1lyozhatja az \u00d6n, ha a b\u00f6ng\u00e9sz\u0151szoftver\u00e9nek haszn\u00e1lata sor\u00e1n a megfelel\u0151 be\u00e1ll\u00edt\u00e1sokat alkalmazza. Emellett a <a style=\"white-space: pre-wrap; word-break: break-all;\" href=\"https:\/\/tools.google.com\/dlpage\/gaoptout?hl=en\">https:\/\/tools.google.com\/dlpage\/gaoptout?hl=en<\/a> c\u00edmen el\u00e9rhet\u0151 b\u00f6ng\u00e9sz\u0151 be\u00e9p\u00fcl\u0151 modul let\u00f6lt\u00e9s\u00e9vel \u00e9s telep\u00edt\u00e9s\u00e9vel megakad\u00e1lyozhatja az \u00d6n, hogy a Google r\u00f6gz\u00edtse \u00e9s kezelje a s\u00fcti \u00e1ltal l\u00e9trehozott, a honlap \u00d6n \u00e1ltal t\u00f6rt\u00e9n\u0151 haszn\u00e1lat\u00e1val kapcsolatos adatokat (bele\u00e9rtve az IP c\u00edm\u00e9t).<\/span><\/p>\n<p><span style=\"font-weight: 400;\">A honlap a Google Analytics-et haszn\u00e1lja a felhaszn\u00e1l\u00f3i azonos\u00edt\u00f3n kereszt\u00fcl megval\u00f3sul\u00f3 l\u00e1togat\u00f3\u00e1raml\u00e1s eszk\u00f6zt\u0151l f\u00fcggetlen elemz\u00e9s\u00e9re is. Az \u00d6n \u00e1ltal t\u00f6rt\u00e9n\u0151 haszn\u00e1lat k\u00fcl\u00f6nb\u00f6z\u0151 eszk\u00f6z\u00f6k k\u00f6z\u00f6tti k\u00f6vet\u00e9s\u00e9t kikapcsolhatja a Google fi\u00f3kj\u00e1ban az \u201eInform\u00e1ci\u00f3im\u201d, \u201eSzem\u00e9lyes inform\u00e1ci\u00f3k\u201d alatt.<\/span><\/p>\n<p><span style=\"font-weight: 400;\">Jogalap: GDPR 6. cikk (1) bekezd\u00e9s f) pont.<\/span><\/p>\n<h3><b>KAPCSOLATI \u0170RLAP<\/b><\/h3>\n<p><span style=\"font-weight: 400;\">Az adatkezel\u0151 az \u00fczemeltetett honlapokon kapcsolati \u0171rlapot \u00fczemeltet, mely seg\u00edts\u00e9g\u00e9vel a l\u00e1togat\u00f3k k\u00f6nnyebben tudnak kapcsolatot l\u00e9tes\u00edteni, inform\u00e1ci\u00f3t k\u00e9rni.<\/span><\/p>\n<p><span style=\"font-weight: 400;\">Az \u0171rlap kit\u00f6lt\u00e9s\u00e9vel \u00e9s az alatta tal\u00e1lhat\u00f3 checkbox bejel\u00f6l\u00e9s\u00e9vel \u00d6n mag\u00e1ra n\u00e9zve elfogadja Adatv\u00e9delmi Szab\u00e1lyzatunkat, amelynek aktu\u00e1lis \u00e1llapota megtekinthet\u0151 a <a style=\"white-space: pre-wrap; word-break: break-all;\" href=\"https:\/\/s-metal.hu\/adatkezelesi-tajekoztato\/\">https:\/\/s-metal.hu\/adatkezelesi-tajekoztato\/<\/a><\/span><\/p>\n<h3><b>FELHASZN\u00c1L\u00d3I ADATOK<\/b><\/h3>\n<p>Be\u00e1ll\u00edt\u00e1sait \u00e9s az \u00d6nnel kapcsolatosan t\u00e1rolt adatokat, ellen\u0151rizheti \u00e9s m\u00f3dos\u00edt\u00e1s\u00e1t k\u00e9rheti.<br \/>\nIlyen ir\u00e1ny\u00fa ig\u00e9ny\u00e9t, k\u00e9rj\u00fck, hogy jelezze fel\u00e9nk a <a href=\"mailto:info@s-metal.hu\">info@s-metal.hu<\/a> e-mail c\u00edmen<\/p>\n","protected":false},"excerpt":{"rendered":"<p>A WEBOLDALUNKN\u00c1L HASZN\u00c1LT COOKIE T\u00cdPUSOK SZERINTI BEMUTAT\u00c1SA FELT\u00c9TLEN\u00dcL SZ\u00dcKS\u00c9GES COOKIE-K: A sz\u00fcks\u00e9ges cookie-k a rendszer m\u0171k\u00f6d\u00e9s\u00e9hez felt\u00e9tlen\u00fcl sz\u00fcks\u00e9gesek, azok n\u00e9lk\u00fcl a honlap nem haszn\u00e1lhat\u00f3 rendeltet\u00e9sszer\u0171en, a\u00a0STEEL-MET\u00c1L Kft.\u00a0jogos \u00e9rdek\u00e9nek \u00e9rv\u00e9nyes\u00edt\u00e9s\u00e9hez sz\u00fcks\u00e9ges a cookie-k haszn\u00e1lata. Ezek a cookie-k a felhaszn\u00e1l\u00f3 hozz\u00e1j\u00e1rul\u00e1sa n\u00e9lk\u00fcl haszn\u00e1lhat\u00f3k \u00e9s nem kapcsolhat\u00f3k ki. Jogalap: GDPR 6.cikk (1) bekezd\u00e9s b) pont. Weboldalunk az al\u00e1bbi &hellip; <a href=\"https:\/\/s-metal.hu\/en\/cookie-policy\/\">Continued<\/a><\/p>\n","protected":false},"author":7,"featured_media":0,"parent":0,"menu_order":4,"comment_status":"closed","ping_status":"closed","template":"","meta":{"_acf_changed":false,"footnotes":""},"class_list":["post-3920","page","type-page","status-publish","hentry"],"acf":[],"yoast_head":"<!-- This site is optimized with the Yoast SEO plugin v23.9 - https:\/\/yoast.com\/wordpress\/plugins\/seo\/ -->\n<title>Cookie policy | Steelmetal<\/title>\n<meta name=\"description\" content=\"Ac\u00e9l-, sz\u00ednesf\u00e9m- \u00e9s egy\u00e9b hullad\u00e9kok \u00e1tv\u00e9tele \u00e9s elad\u00e1sa, hullad\u00e9kgazd\u00e1lkod\u00e1ssal kapcsolatos szolg\u00e1ltat\u00e1sok P\u00e9csett, Vill\u00e1nyban \u00e9s Moh\u00e1cson - STEEL-MET\u00c1L Kft.\" \/>\n<meta name=\"robots\" content=\"index, follow, max-snippet:-1, max-image-preview:large, max-video-preview:-1\" \/>\n<link rel=\"canonical\" href=\"https:\/\/s-metal.hu\/en\/cookie-policy\/\" \/>\n<meta property=\"og:locale\" content=\"en_US\" \/>\n<meta property=\"og:type\" content=\"article\" \/>\n<meta property=\"og:title\" content=\"Cookie policy | Steelmetal\" \/>\n<meta property=\"og:description\" content=\"Ac\u00e9l-, sz\u00ednesf\u00e9m- \u00e9s egy\u00e9b hullad\u00e9kok \u00e1tv\u00e9tele \u00e9s elad\u00e1sa, hullad\u00e9kgazd\u00e1lkod\u00e1ssal kapcsolatos szolg\u00e1ltat\u00e1sok P\u00e9csett, Vill\u00e1nyban \u00e9s Moh\u00e1cson - STEEL-MET\u00c1L Kft.\" \/>\n<meta property=\"og:url\" content=\"https:\/\/s-metal.hu\/en\/cookie-policy\/\" \/>\n<meta property=\"og:site_name\" content=\"Steelmetal\" \/>\n<meta property=\"article:publisher\" content=\"https:\/\/www.facebook.com\/pages\/Steel-Metal-Kft\/1485600905020255\" \/>\n<meta property=\"article:modified_time\" content=\"2021-05-03T11:12:12+00:00\" \/>\n<meta property=\"og:image\" content=\"https:\/\/s-metal.hu\/app\/uploads\/2015\/02\/og-img.jpg\" \/>\n\t<meta property=\"og:image:width\" content=\"470\" \/>\n\t<meta property=\"og:image:height\" content=\"245\" \/>\n\t<meta property=\"og:image:type\" content=\"image\/jpeg\" \/>\n<meta name=\"twitter:label1\" content=\"Est. reading time\" \/>\n\t<meta name=\"twitter:data1\" content=\"6 minutes\" \/>\n<script type=\"application\/ld+json\" class=\"yoast-schema-graph\">{\"@context\":\"https:\/\/schema.org\",\"@graph\":[{\"@type\":\"WebPage\",\"@id\":\"https:\/\/s-metal.hu\/en\/cookie-policy\/\",\"url\":\"https:\/\/s-metal.hu\/en\/cookie-policy\/\",\"name\":\"Cookie policy | Steelmetal\",\"isPartOf\":{\"@id\":\"https:\/\/s-metal.hu\/en\/#website\"},\"datePublished\":\"2018-06-19T13:11:11+00:00\",\"dateModified\":\"2021-05-03T11:12:12+00:00\",\"description\":\"Ac\u00e9l-, sz\u00ednesf\u00e9m- \u00e9s egy\u00e9b hullad\u00e9kok \u00e1tv\u00e9tele \u00e9s elad\u00e1sa, hullad\u00e9kgazd\u00e1lkod\u00e1ssal kapcsolatos szolg\u00e1ltat\u00e1sok P\u00e9csett, Vill\u00e1nyban \u00e9s Moh\u00e1cson - STEEL-MET\u00c1L Kft.\",\"breadcrumb\":{\"@id\":\"https:\/\/s-metal.hu\/en\/cookie-policy\/#breadcrumb\"},\"inLanguage\":\"en-US\",\"potentialAction\":[{\"@type\":\"ReadAction\",\"target\":[\"https:\/\/s-metal.hu\/en\/cookie-policy\/\"]}]},{\"@type\":\"BreadcrumbList\",\"@id\":\"https:\/\/s-metal.hu\/en\/cookie-policy\/#breadcrumb\",\"itemListElement\":[{\"@type\":\"ListItem\",\"position\":1,\"name\":\"1\",\"item\":\"https:\/\/s-metal.hu\/en\/\"},{\"@type\":\"ListItem\",\"position\":2,\"name\":\"Cookie policy\"}]},{\"@type\":\"WebSite\",\"@id\":\"https:\/\/s-metal.hu\/en\/#website\",\"url\":\"https:\/\/s-metal.hu\/en\/\",\"name\":\"Steelmetal\",\"description\":\"\",\"potentialAction\":[{\"@type\":\"SearchAction\",\"target\":{\"@type\":\"EntryPoint\",\"urlTemplate\":\"https:\/\/s-metal.hu\/en\/?s={search_term_string}\"},\"query-input\":{\"@type\":\"PropertyValueSpecification\",\"valueRequired\":true,\"valueName\":\"search_term_string\"}}],\"inLanguage\":\"en-US\"}]}<\/script>\n<!-- \/ Yoast SEO plugin. -->","yoast_head_json":{"title":"Cookie policy | Steelmetal","description":"Ac\u00e9l-, sz\u00ednesf\u00e9m- \u00e9s egy\u00e9b hullad\u00e9kok \u00e1tv\u00e9tele \u00e9s elad\u00e1sa, hullad\u00e9kgazd\u00e1lkod\u00e1ssal kapcsolatos szolg\u00e1ltat\u00e1sok P\u00e9csett, Vill\u00e1nyban \u00e9s Moh\u00e1cson - STEEL-MET\u00c1L Kft.","robots":{"index":"index","follow":"follow","max-snippet":"max-snippet:-1","max-image-preview":"max-image-preview:large","max-video-preview":"max-video-preview:-1"},"canonical":"https:\/\/s-metal.hu\/en\/cookie-policy\/","og_locale":"en_US","og_type":"article","og_title":"Cookie policy | Steelmetal","og_description":"Ac\u00e9l-, sz\u00ednesf\u00e9m- \u00e9s egy\u00e9b hullad\u00e9kok \u00e1tv\u00e9tele \u00e9s elad\u00e1sa, hullad\u00e9kgazd\u00e1lkod\u00e1ssal kapcsolatos szolg\u00e1ltat\u00e1sok P\u00e9csett, Vill\u00e1nyban \u00e9s Moh\u00e1cson - STEEL-MET\u00c1L Kft.","og_url":"https:\/\/s-metal.hu\/en\/cookie-policy\/","og_site_name":"Steelmetal","article_publisher":"https:\/\/www.facebook.com\/pages\/Steel-Metal-Kft\/1485600905020255","article_modified_time":"2021-05-03T11:12:12+00:00","og_image":[{"width":470,"height":245,"url":"https:\/\/s-metal.hu\/app\/uploads\/2015\/02\/og-img.jpg","type":"image\/jpeg"}],"twitter_misc":{"Est. reading time":"6 minutes"},"schema":{"@context":"https:\/\/schema.org","@graph":[{"@type":"WebPage","@id":"https:\/\/s-metal.hu\/en\/cookie-policy\/","url":"https:\/\/s-metal.hu\/en\/cookie-policy\/","name":"Cookie policy | Steelmetal","isPartOf":{"@id":"https:\/\/s-metal.hu\/en\/#website"},"datePublished":"2018-06-19T13:11:11+00:00","dateModified":"2021-05-03T11:12:12+00:00","description":"Ac\u00e9l-, sz\u00ednesf\u00e9m- \u00e9s egy\u00e9b hullad\u00e9kok \u00e1tv\u00e9tele \u00e9s elad\u00e1sa, hullad\u00e9kgazd\u00e1lkod\u00e1ssal kapcsolatos szolg\u00e1ltat\u00e1sok P\u00e9csett, Vill\u00e1nyban \u00e9s Moh\u00e1cson - STEEL-MET\u00c1L Kft.","breadcrumb":{"@id":"https:\/\/s-metal.hu\/en\/cookie-policy\/#breadcrumb"},"inLanguage":"en-US","potentialAction":[{"@type":"ReadAction","target":["https:\/\/s-metal.hu\/en\/cookie-policy\/"]}]},{"@type":"BreadcrumbList","@id":"https:\/\/s-metal.hu\/en\/cookie-policy\/#breadcrumb","itemListElement":[{"@type":"ListItem","position":1,"name":"1","item":"https:\/\/s-metal.hu\/en\/"},{"@type":"ListItem","position":2,"name":"Cookie policy"}]},{"@type":"WebSite","@id":"https:\/\/s-metal.hu\/en\/#website","url":"https:\/\/s-metal.hu\/en\/","name":"Steelmetal","description":"","potentialAction":[{"@type":"SearchAction","target":{"@type":"EntryPoint","urlTemplate":"https:\/\/s-metal.hu\/en\/?s={search_term_string}"},"query-input":{"@type":"PropertyValueSpecification","valueRequired":true,"valueName":"search_term_string"}}],"inLanguage":"en-US"}]}},"_links":{"self":[{"href":"https:\/\/s-metal.hu\/en\/wp-json\/wp\/v2\/pages\/3920","targetHints":{"allow":["GET"]}}],"collection":[{"href":"https:\/\/s-metal.hu\/en\/wp-json\/wp\/v2\/pages"}],"about":[{"href":"https:\/\/s-metal.hu\/en\/wp-json\/wp\/v2\/types\/page"}],"author":[{"embeddable":true,"href":"https:\/\/s-metal.hu\/en\/wp-json\/wp\/v2\/users\/7"}],"replies":[{"embeddable":true,"href":"https:\/\/s-metal.hu\/en\/wp-json\/wp\/v2\/comments?post=3920"}],"version-history":[{"count":3,"href":"https:\/\/s-metal.hu\/en\/wp-json\/wp\/v2\/pages\/3920\/revisions"}],"predecessor-version":[{"id":5009,"href":"https:\/\/s-metal.hu\/en\/wp-json\/wp\/v2\/pages\/3920\/revisions\/5009"}],"wp:attachment":[{"href":"https:\/\/s-metal.hu\/en\/wp-json\/wp\/v2\/media?parent=3920"}],"curies":[{"name":"wp","href":"https:\/\/api.w.org\/{rel}","templated":true}]}}